{"id":8860,"date":"2019-03-18T08:43:22","date_gmt":"2019-03-18T08:43:22","guid":{"rendered":"https:\/\/www.treatwell.de\/inspiration\/?page_id=8860"},"modified":"2019-03-28T09:24:28","modified_gmt":"2019-03-28T09:24:28","slug":"cutting-edge-voting","status":"publish","type":"page","link":"https:\/\/www.treatwell.de/inspiration\/cutting-edge-voting\/","title":{"rendered":"Hairdressing Award Cutting Edge Voting"},"content":{"rendered":"<p>\t\t\t\t<img decoding=\"async\" src=\"https:\/\/www.treatwell.de/inspiration\/wp-content\/uploads\/sites\/7\/2019\/03\/tw-schwarzkopf-logo-2.svg\" alt=\"tw-schwarzkopf-logo-2\" \/><\/p>\n<h1 style=\"text-align: center\"><strong>Treatwell als offizieller Partner des German Hairdressing Award Cutting Edge<\/strong><\/h1>\n<p style=\"text-align: center\">Der German Hairdressing Award Cutting Edge wird verliehen von Schwarzkopf Professional und Treatwell ist der offizielle Partner.<br \/>\nDer Award steht f\u00fcr herausstechende Friseure, die auch in der digitalen Branche ganz Vorne mitspielen.<br \/>\nDie Votingphase ist offiziell gestartet. Um f\u00fcr Ihren Gewinner abzustimmen, w\u00e4hle in der Galerie deinen Favoriten und klicke auf \u201eVoten\u201c. Du hast pro Kategorie jeweils eine Stimme zu vergeben.<\/p>\n<p style=\"text-align: center\"><strong>Kategorien <\/strong><\/p>\n<p>\t\t\t\t<img decoding=\"async\" src=\"https:\/\/www.treatwell.de/inspiration\/wp-content\/uploads\/sites\/7\/2019\/03\/COLORTRANSFORMATION.jpg\" alt=\"COLORTRANSFORMATION\" \/><\/p>\n<p style=\"text-align: left\"><strong>#ColorTransformation<\/strong><\/p>\n<p>Dr\u00fccke dich in tausend Farben aus! Die Arbeit mit Farbe ist Kunst. Farbe ist emotional und kreativ. Farbe verwandelt Menschen in Pers\u00f6nlichkeiten. Die Kategorie ColorTransformation dr\u00fcckt Leidenschaft und Emotionen in einem Vorher-Nachher-Bild aus.<\/p>\n<p>\t\t\t<a href=\"https:\/\/www.hairdressing-awards.de\/cutting-edge\/galerie\" target=\"_self\" role=\"button\"><br \/>\n\t\t\t\t\t\t\tJetzt voten<br \/>\n\t\t\t\t\t<\/a><br \/>\n\t\t\t\t<img decoding=\"async\" src=\"https:\/\/www.treatwell.de/inspiration\/wp-content\/uploads\/sites\/7\/2019\/03\/STYLINGTRANSFORMATION.jpg\" alt=\"STYLINGTRANSFORMATION\" \/><\/p>\n<p style=\"text-align: left\"><strong>#StylingTransformation<\/strong><\/p>\n<p>Dr\u00fccke dich in tausend Farben aus! Die Arbeit mit Farbe ist Kunst. Farbe ist emotional und kreativ. Farbe verwandelt Menschen in Pers\u00f6nlichkeiten. Die Kategorie ColorTransformation dr\u00fcckt Leidenschaft und Emotionen in einem Vorher-Nachher-Bild aus.<\/p>\n<p>\t\t\t<a href=\"https:\/\/www.hairdressing-awards.de\/cutting-edge\/galerie\" target=\"_self\" role=\"button\"><br \/>\n\t\t\t\t\t\t\tJetzt voten<br \/>\n\t\t\t\t\t<\/a><br \/>\n\t\t\t\t<img decoding=\"async\" src=\"https:\/\/www.treatwell.de/inspiration\/wp-content\/uploads\/sites\/7\/2019\/03\/VIDEOTUTORIAL.png\" alt=\"VIDEOTUTORIAL\" \/><\/p>\n<p><strong>#VideoTutorial<\/strong><\/p>\n<p>Deine fachliche Handschrift ist dein Video! Sei einzigartig und teile deinen individuellen Look mit der Community. Stelle dein Technikvideo ins Netz egal ob Farbe, Schnitt oder Styling.\u00a0<\/p>\n<p>\t\t\t<a href=\"https:\/\/www.hairdressing-awards.de\/cutting-edge\/galerie\" target=\"_self\" role=\"button\"><br \/>\n\t\t\t\t\t\t\tJetzt voten<br \/>\n\t\t\t\t\t<\/a><br \/>\n\t\t\t\t<img decoding=\"async\" src=\"https:\/\/www.treatwell.de/inspiration\/wp-content\/uploads\/sites\/7\/2019\/03\/NEWBLONDE.jpg\" alt=\"NEWBLONDE\" \/><\/p>\n<p style=\"text-align: left\"><strong>#NewBlonde<\/strong><\/p>\n<p>Man sagt, blonde Menschen leben leichter und Blond zu sein ist eine besondere Art zu leben. Ob Balayage, Baby Lights, warmes erdbeerblond oder k\u00fchles Eisblond &#8211; Blondinen sind immer im Trend! NewBlond bedeutet deine Interpretation von Blond. Zeige deinen Signature-Look, der auf aktuelle Mode- und Haartrends ausgerichtet ist.<\/p>\n<p>\t\t\t<a href=\"https:\/\/www.hairdressing-awards.de\/cutting-edge\/galerie\" target=\"_self\" role=\"button\"><br \/>\n\t\t\t\t\t\t\tJetzt voten<br \/>\n\t\t\t\t\t<\/a><br \/>\n\t\t\t\t<img decoding=\"async\" src=\"https:\/\/www.treatwell.de/inspiration\/wp-content\/uploads\/sites\/7\/2019\/03\/PASTELS.jpg\" alt=\"PASTELS\" \/><\/p>\n<p style=\"text-align: left\"><strong>#Pastels<\/strong><\/p>\n<p>Pink, Mint oder Baby Blue? Wir lieben weiche Pastellt\u00f6ne. Was ist mit dir? Soft Shades kennen keine Jahreszeiten, da sie immer im Trend liegen. Zeige uns deine Interpretation eines modischen Pastell-Looks.<\/p>\n<p>\t\t\t<a href=\"https:\/\/www.hairdressing-awards.de\/cutting-edge\/galerie\" target=\"_self\" role=\"button\"><br \/>\n\t\t\t\t\t\t\tJetzt voten<br \/>\n\t\t\t\t\t<\/a><br \/>\n\t\t\t\t<img decoding=\"async\" src=\"https:\/\/www.treatwell.de/inspiration\/wp-content\/uploads\/sites\/7\/2019\/03\/NATURALLOOK.jpg\" alt=\"NATURALLOOK\" \/><\/p>\n<p><strong>#NaturalLook<\/strong><\/p>\n<p>Verzaubere uns mit ganz nat\u00fcrlichem Haar. Zeige deine Vorstellung von Nat\u00fcrlichkeit und Einfachheit und lass deiner Kreativit\u00e4t neue Wege gehen. In der Kategorie Natural Look zeigt sich der wahre K\u00fcnstler, mit Einfachheit wundersch\u00f6ne Kreationen zu schaffen ist oftmals am schwersten. Also stelle dich der Herausforderung und zeige uns deinen Natural Look&#8220;<\/p>\n<p>\t\t\t<a href=\"https:\/\/www.hairdressing-awards.de\/cutting-edge\/galerie\" target=\"_self\" role=\"button\"><br \/>\n\t\t\t\t\t\t\tJetzt voten<br \/>\n\t\t\t\t\t<\/a><\/p>\n<h1 style=\"text-align: center\"><strong>Wie funktioniert das Voting?<\/strong><\/h1>\n","protected":false},"excerpt":{"rendered":"<p>Treatwell als offizieller Partner des German Hairdressing Award Cutting Edge Der German Hairdressing Award Cutting Edge wird verliehen von Schwarzkopf Professional und Treatwell ist der offizielle Partner. Der Award steht f\u00fcr herausstechende Friseure, die auch in der digitalen Branche ganz Vorne mitspielen. Die Votingphase ist offiziell gestartet. Um f\u00fcr Ihren Gewinner abzustimmen, w\u00e4hle in der&hellip;<\/p>\n","protected":false},"author":117,"featured_media":0,"parent":0,"menu_order":0,"comment_status":"closed","ping_status":"closed","template":"tpl-no-header-footer.php","meta":{"inline_featured_image":false,"footnotes":""},"class_list":["post-8860","page","type-page","status-publish","hentry"],"yoast_head":"<!-- This site is optimized with the Yoast SEO plugin v27.5 - https:\/\/yoast.com\/product\/yoast-seo-wordpress\/ -->\n<title>Hairdressing Award Cutting Edge Voting - Treatwell DE<\/title>\n<meta name=\"robots\" content=\"index, follow, max-snippet:-1, max-image-preview:large, max-video-preview:-1\" \/>\n<link rel=\"canonical\" href=\"https:\/\/www.treatwell.de/inspiration\/cutting-edge-voting\/\" \/>\n<meta property=\"og:locale\" content=\"de_DE\" \/>\n<meta property=\"og:type\" content=\"article\" \/>\n<meta property=\"og:title\" content=\"Hairdressing Award Cutting Edge Voting - Treatwell DE\" \/>\n<meta property=\"og:description\" content=\"Treatwell als offizieller Partner des German Hairdressing Award Cutting Edge Der German Hairdressing Award Cutting Edge wird verliehen von Schwarzkopf Professional und Treatwell ist der offizielle Partner. Der Award steht f\u00fcr herausstechende Friseure, die auch in der digitalen Branche ganz Vorne mitspielen. Die Votingphase ist offiziell gestartet. Um f\u00fcr Ihren Gewinner abzustimmen, w\u00e4hle in der&hellip;\" \/>\n<meta property=\"og:url\" content=\"https:\/\/www.treatwell.de/inspiration\/cutting-edge-voting\/\" \/>\n<meta property=\"og:site_name\" content=\"Treatwell DE\" \/>\n<meta property=\"article:modified_time\" content=\"2019-03-28T09:24:28+00:00\" \/>\n<meta property=\"og:image\" content=\"https:\/\/www.treatwell.de/inspiration\/wp-content\/uploads\/sites\/7\/2019\/03\/tw-schwarzkopf-logo-2.svg\" \/>\n<meta name=\"twitter:card\" content=\"summary_large_image\" \/>\n<meta name=\"twitter:label1\" content=\"Gesch\u00e4tzte Lesezeit\" \/>\n\t<meta name=\"twitter:data1\" content=\"2 Minuten\" \/>\n<script type=\"application\/ld+json\" class=\"yoast-schema-graph\">{\"@context\":\"https:\\\/\\\/schema.org\",\"@graph\":[{\"@type\":\"WebPage\",\"@id\":\"https:\\\/\\\/www.treatwell.de/inspiration\\\/cutting-edge-voting\\\/\",\"url\":\"https:\\\/\\\/www.treatwell.de/inspiration\\\/cutting-edge-voting\\\/\",\"name\":\"Hairdressing Award Cutting Edge Voting - Treatwell DE\",\"isPartOf\":{\"@id\":\"https:\\\/\\\/www.treatwell.de/inspiration\\\/#website\"},\"primaryImageOfPage\":{\"@id\":\"https:\\\/\\\/www.treatwell.de/inspiration\\\/cutting-edge-voting\\\/#primaryimage\"},\"image\":{\"@id\":\"https:\\\/\\\/www.treatwell.de/inspiration\\\/cutting-edge-voting\\\/#primaryimage\"},\"thumbnailUrl\":\"https:\\\/\\\/www.treatwell.de/inspiration\\\/wp-content\\\/uploads\\\/sites\\\/7\\\/2019\\\/03\\\/tw-schwarzkopf-logo-2.svg\",\"datePublished\":\"2019-03-18T08:43:22+00:00\",\"dateModified\":\"2019-03-28T09:24:28+00:00\",\"breadcrumb\":{\"@id\":\"https:\\\/\\\/www.treatwell.de/inspiration\\\/cutting-edge-voting\\\/#breadcrumb\"},\"inLanguage\":\"de-DE\",\"potentialAction\":[{\"@type\":\"ReadAction\",\"target\":[\"https:\\\/\\\/www.treatwell.de/inspiration\\\/cutting-edge-voting\\\/\"]}]},{\"@type\":\"ImageObject\",\"inLanguage\":\"de-DE\",\"@id\":\"https:\\\/\\\/www.treatwell.de/inspiration\\\/cutting-edge-voting\\\/#primaryimage\",\"url\":\"https:\\\/\\\/www.treatwell.de/inspiration\\\/wp-content\\\/uploads\\\/sites\\\/7\\\/2019\\\/03\\\/tw-schwarzkopf-logo-2.svg\",\"contentUrl\":\"https:\\\/\\\/www.treatwell.de/inspiration\\\/wp-content\\\/uploads\\\/sites\\\/7\\\/2019\\\/03\\\/tw-schwarzkopf-logo-2.svg\"},{\"@type\":\"BreadcrumbList\",\"@id\":\"https:\\\/\\\/www.treatwell.de/inspiration\\\/cutting-edge-voting\\\/#breadcrumb\",\"itemListElement\":[{\"@type\":\"ListItem\",\"position\":1,\"name\":\"Home\",\"item\":\"https:\\\/\\\/www.treatwell.de/inspiration\\\/\"},{\"@type\":\"ListItem\",\"position\":2,\"name\":\"Hairdressing Award Cutting Edge Voting\"}]},{\"@type\":\"WebSite\",\"@id\":\"https:\\\/\\\/www.treatwell.de/inspiration\\\/#website\",\"url\":\"https:\\\/\\\/www.treatwell.de/inspiration\\\/\",\"name\":\"Treatwell DE\",\"description\":\"\",\"potentialAction\":[{\"@type\":\"SearchAction\",\"target\":{\"@type\":\"EntryPoint\",\"urlTemplate\":\"https:\\\/\\\/www.treatwell.de/inspiration\\\/?s={search_term_string}\"},\"query-input\":{\"@type\":\"PropertyValueSpecification\",\"valueRequired\":true,\"valueName\":\"search_term_string\"}}],\"inLanguage\":\"de-DE\"}]}<\/script>\n<!-- \/ Yoast SEO plugin. -->","yoast_head_json":{"title":"Hairdressing Award Cutting Edge Voting - Treatwell DE","robots":{"index":"index","follow":"follow","max-snippet":"max-snippet:-1","max-image-preview":"max-image-preview:large","max-video-preview":"max-video-preview:-1"},"canonical":"https:\/\/www.treatwell.de/inspiration\/cutting-edge-voting\/","og_locale":"de_DE","og_type":"article","og_title":"Hairdressing Award Cutting Edge Voting - Treatwell DE","og_description":"Treatwell als offizieller Partner des German Hairdressing Award Cutting Edge Der German Hairdressing Award Cutting Edge wird verliehen von Schwarzkopf Professional und Treatwell ist der offizielle Partner. Der Award steht f\u00fcr herausstechende Friseure, die auch in der digitalen Branche ganz Vorne mitspielen. Die Votingphase ist offiziell gestartet. Um f\u00fcr Ihren Gewinner abzustimmen, w\u00e4hle in der&hellip;","og_url":"https:\/\/www.treatwell.de/inspiration\/cutting-edge-voting\/","og_site_name":"Treatwell DE","article_modified_time":"2019-03-28T09:24:28+00:00","og_image":[{"url":"https:\/\/www.treatwell.de/inspiration\/wp-content\/uploads\/sites\/7\/2019\/03\/tw-schwarzkopf-logo-2.svg","type":"","width":"","height":""}],"twitter_card":"summary_large_image","twitter_misc":{"Gesch\u00e4tzte Lesezeit":"2 Minuten"},"schema":{"@context":"https:\/\/schema.org","@graph":[{"@type":"WebPage","@id":"https:\/\/www.treatwell.de/inspiration\/cutting-edge-voting\/","url":"https:\/\/www.treatwell.de/inspiration\/cutting-edge-voting\/","name":"Hairdressing Award Cutting Edge Voting - Treatwell DE","isPartOf":{"@id":"https:\/\/www.treatwell.de/inspiration\/#website"},"primaryImageOfPage":{"@id":"https:\/\/www.treatwell.de/inspiration\/cutting-edge-voting\/#primaryimage"},"image":{"@id":"https:\/\/www.treatwell.de/inspiration\/cutting-edge-voting\/#primaryimage"},"thumbnailUrl":"https:\/\/www.treatwell.de/inspiration\/wp-content\/uploads\/sites\/7\/2019\/03\/tw-schwarzkopf-logo-2.svg","datePublished":"2019-03-18T08:43:22+00:00","dateModified":"2019-03-28T09:24:28+00:00","breadcrumb":{"@id":"https:\/\/www.treatwell.de/inspiration\/cutting-edge-voting\/#breadcrumb"},"inLanguage":"de-DE","potentialAction":[{"@type":"ReadAction","target":["https:\/\/www.treatwell.de/inspiration\/cutting-edge-voting\/"]}]},{"@type":"ImageObject","inLanguage":"de-DE","@id":"https:\/\/www.treatwell.de/inspiration\/cutting-edge-voting\/#primaryimage","url":"https:\/\/www.treatwell.de/inspiration\/wp-content\/uploads\/sites\/7\/2019\/03\/tw-schwarzkopf-logo-2.svg","contentUrl":"https:\/\/www.treatwell.de/inspiration\/wp-content\/uploads\/sites\/7\/2019\/03\/tw-schwarzkopf-logo-2.svg"},{"@type":"BreadcrumbList","@id":"https:\/\/www.treatwell.de/inspiration\/cutting-edge-voting\/#breadcrumb","itemListElement":[{"@type":"ListItem","position":1,"name":"Home","item":"https:\/\/www.treatwell.de/inspiration\/"},{"@type":"ListItem","position":2,"name":"Hairdressing Award Cutting Edge Voting"}]},{"@type":"WebSite","@id":"https:\/\/www.treatwell.de/inspiration\/#website","url":"https:\/\/www.treatwell.de/inspiration\/","name":"Treatwell DE","description":"","potentialAction":[{"@type":"SearchAction","target":{"@type":"EntryPoint","urlTemplate":"https:\/\/www.treatwell.de/inspiration\/?s={search_term_string}"},"query-input":{"@type":"PropertyValueSpecification","valueRequired":true,"valueName":"search_term_string"}}],"inLanguage":"de-DE"}]}},"_links":{"self":[{"href":"https:\/\/www.treatwell.de\/inspiration\/wp-json\/wp\/v2\/pages\/8860","targetHints":{"allow":["GET"]}}],"collection":[{"href":"https:\/\/www.treatwell.de\/inspiration\/wp-json\/wp\/v2\/pages"}],"about":[{"href":"https:\/\/www.treatwell.de\/inspiration\/wp-json\/wp\/v2\/types\/page"}],"author":[{"embeddable":true,"href":"https:\/\/www.treatwell.de\/inspiration\/wp-json\/wp\/v2\/users\/117"}],"replies":[{"embeddable":true,"href":"https:\/\/www.treatwell.de\/inspiration\/wp-json\/wp\/v2\/comments?post=8860"}],"version-history":[{"count":0,"href":"https:\/\/www.treatwell.de\/inspiration\/wp-json\/wp\/v2\/pages\/8860\/revisions"}],"wp:attachment":[{"href":"https:\/\/www.treatwell.de\/inspiration\/wp-json\/wp\/v2\/media?parent=8860"}],"curies":[{"name":"wp","href":"https:\/\/api.w.org\/{rel}","templated":true}]}}