{"id":8475,"date":"2018-01-02T10:47:19","date_gmt":"2018-01-02T10:47:19","guid":{"rendered":"https:\/\/www.treatwell.co.uk\/inspiration\/?page_id=6432"},"modified":"2019-03-18T12:40:21","modified_gmt":"2019-03-18T12:40:21","slug":"january-beauty-sale","status":"publish","type":"page","link":"https:\/\/www.treatwell.de/inspiration\/january-beauty-sale\/","title":{"rendered":"January beauty sale"},"content":{"rendered":"<p><img decoding=\"async\" src=\"https:\/\/www.treatwell.de/inspiration\/wp-content\/uploads\/sites\/7\/2018\/12\/DEAT_GLO_January_sale_crm_hero_KK_v01.gif\" alt=\"DEAT_GLO_January_sale_crm_hero_KK_v01\" \/><\/p>\n<p>Januar Sale \u2013 Friseur und Beauty<\/p>\n<p>Januar Sale \u2013<\/p>\n<p>Friseur und Beauty<\/p>\n<p style=\"text-align: left\">Es sind die kleinen Dinge, die gl\u00fccklich machen. Eine frische Manik\u00fcre, ein regenerierendes Facial oder ein Marmeladenbr\u00f6tchen. Deshalb gibt&#8217;s in unserem Januar-Sale kleine Preise auf Beauty-Goodies f\u00fcr dein gro\u00dfes Gl\u00fcck in 2019.<\/p>\n<p><img decoding=\"async\" src=\"https:\/\/en-gb.twinspiration.wpengine.treatwell.com\/wp-content\/uploads\/sites\/9\/2018\/12\/hair.jpg\" alt=\"hair\" \/><\/p>\n<p style=\"text-align: left\"><strong>Kopf-hoch-Haarschnitt<br \/>\n<\/strong><\/p>\n<p style=\"text-align: left\">Kopf-hoch Haarschnitt<\/p>\n<p>Gro\u00dfe Pl\u00e4ne, auch f\u00fcr deine Haare? Wir vers\u00fc\u00dfen dir deinen Jahresstart mit kleinen Preisen.<\/p>\n<p><a role=\"button\" href=\"https:\/\/www.treatwell.de\/orte\/behandlung-gruppe-friseur\/angebot-typ-lokal\/rabatte-flexibel\/in-de\/\/?titleoverride=Januar%20Sale?mkt_params=GC~januarysale_LC~dachljan19_PM~LP-slot_CM~\" target=\"_self\"><br \/>\nBis zu 20% Rabatt<br \/>\n<\/a><\/p>\n<p>x<\/p>\n<p style=\"text-align: left\">Mood-Booster-Mani<\/p>\n<p style=\"text-align: left\">Mood-Booster-Mani<\/p>\n<p>Nails die einfach gl\u00fccklich machen. Endlich einmal Nail-Art probieren? \u2013 Dann ist jetzt deine Chance bei diesen kleinen Preisen.<\/p>\n<p><a role=\"button\" href=\"https:\/\/www.treatwell.de\/orte\/behandlung-gruppe-nagel\/angebot-typ-lokal\/rabatte-flexibel\/in-de\/\/?titleoverride=Januar%20Sale?mkt_params=GC~januarysale_LC~dachljan19_PM~LP-slot_CM~\" target=\"_self\"><br \/>\nBis zu 30% Rabatt<br \/>\n<\/a><br \/>\n<img decoding=\"async\" src=\"https:\/\/en-gb.twinspiration.wpengine.treatwell.com\/wp-content\/uploads\/sites\/9\/2018\/12\/nails.jpg\" alt=\"nails\" \/><\/p>\n<p>x<\/p>\n<p><img decoding=\"async\" src=\"https:\/\/en-gb.twinspiration.wpengine.treatwell.com\/wp-content\/uploads\/sites\/9\/2018\/12\/massage.jpg\" alt=\"massage\" \/><\/p>\n<p style=\"text-align: left\">Ooh-Aah-Mmh-Massage<\/p>\n<p style=\"text-align: left\">Ooh-Aah-Mmh-Massage<\/p>\n<p>Endlich entspannt \u2013 revitalisierende Massage, Hot-Stone oder einfach eine klassische Ganzk\u00f6rpermassage.<\/p>\n<p><a role=\"button\" href=\"https:\/\/www.treatwell.de\/orte\/behandlung-gruppe-massage\/angebot-typ-lokal\/rabatte-flexibel\/in-de\/\/?titleoverride=Januar%20Sale?mkt_params=GC~januarysale_LC~dachljan19_PM~LP-slot_CM~\" target=\"_self\"><br \/>\nBis zu 20% Rabatt<br \/>\n<\/a><\/p>\n<p>x<\/p>\n<p style=\"text-align: left\">F\u00fchl-dich-sch\u00f6n-Kosmetik<\/p>\n<p style=\"text-align: left\">F\u00fchl-dich-sch\u00f6n-Kosmetik<\/p>\n<p>Ein Frische-Kick Facial, traumhafte Wimpern oder akurate Augenbrauen. Gro\u00dfes Gl\u00fcck zum kleinen Preis.<\/p>\n<p><a role=\"button\" href=\"https:\/\/www.treatwell.de\/orte\/behandlung-gruppe-gesicht\/angebot-typ-lokal\/rabatte-flexibel\/in-de\/\/?titleoverride=Januar%20Sale?mkt_params=GC~januarysale_LC~dachljan19_PM~LP-slot_CM~\" target=\"_self\"><br \/>\nBis zu 40% Rabatt<br \/>\n<\/a><br \/>\n<img decoding=\"async\" src=\"https:\/\/en-gb.twinspiration.wpengine.treatwell.com\/wp-content\/uploads\/sites\/9\/2018\/12\/face.jpg\" alt=\"face\" \/><\/p>\n<p style=\"text-align: left\"><strong>Diese Beauty-Tipps powern dich durch den Januar&#8230;<\/strong><\/p>\n<p><strong>Diese Beauty-Tipps powern <\/strong><\/p>\n<p><strong> dich durch den Januar&#8230;<\/strong><\/p>\n<p><img decoding=\"async\" src=\"https:\/\/en-gb.twinspiration.wpengine.treatwell.com\/wp-content\/uploads\/sites\/9\/2018\/12\/slots_square_1.jpg\" alt=\"slots_square_1\" \/><\/p>\n<p style=\"text-align: left\"><strong>So klappen\u00a0 \u00a0 \u00a0 \u00a0 \u00a0 \u00a0 \u00a0 \u00a0 \u00a0 \u00a0sch\u00f6ne\u00a0 und\u00a0 \u00a0 \u00a0 \u00a0 \u00a0 gesunde N\u00e4gel<\/strong><\/p>\n<p>Starke und gesunde N\u00e4gel machen auch eine Manik\u00fcre erst perfekt. Wie das klappt, erf\u00e4hrst du auf dem Blog.<\/p>\n<p><a role=\"button\" href=\"https:\/\/www.treatwell.de\/treatment-files\/wie-bekomme-ich-schoene-und-gesunde-naegel\/?mkt_params=GC~januarysale_LC~dachljan19_PM~LP-slot_CM~\" target=\"_self\"><br \/>\nZum Artikel<br \/>\n<\/a><br \/>\n<img decoding=\"async\" src=\"https:\/\/en-gb.twinspiration.wpengine.treatwell.com\/wp-content\/uploads\/sites\/9\/2018\/12\/slots_square_2.jpg\" alt=\"slots_square_2\" \/><\/p>\n<p style=\"text-align: left\"><strong>Neustart f\u00fcr\u00a0 \u00a0 \u00a0 \u00a0 \u00a0 \u00a0 \u00a0 \u00a0 \u00a0deine Haut \u2013\u00a0 \u00a0Micro<\/strong><strong>dermabrasion<\/strong><\/p>\n<p>Die Geheimwaffe f\u00fcr trockene Winterhaut. Frischer Teint &amp; ein gro\u00dfartiger Glow.<\/p>\n<p><a role=\"button\" href=\"https:\/\/www.treatwell.de\/treatment-files\/30-minuten-facial-mikrodermabrasion-gegen-trockene-haut-im-winter\/?mkt_params=GC~januarysale_LC~dachljan19_PM~LP-slot_CM~\" target=\"_self\"><br \/>\nZum Artikel<br \/>\n<\/a><br \/>\n<img decoding=\"async\" src=\"https:\/\/en-gb.twinspiration.wpengine.treatwell.com\/wp-content\/uploads\/sites\/9\/2018\/12\/slots_square_3.jpg\" alt=\"slots_square_3\" \/><\/p>\n<p><strong>Dein\u00a0 Beauty-\u00a0 \u00a0 \u00a0 \u00a0 \u00a0 \u00a0 Detox nach den\u00a0 \u00a0Festtagen<\/strong><\/p>\n<p>Die Feiertage waren\u00a0intensiv, Zeit dir und deiner Haut ein Detox zu g\u00f6nnen. So funktioniert es garantiert:<\/p>\n<p><a role=\"button\" href=\"https:\/\/www.treatwell.de\/treatment-files\/6-detox-tipps-fuer-unreine-haut-nach-weihnachten\/?mkt_params=GC~januarysale_LC~dachljan19_PM~LP-slot_CM~\" target=\"_self\"><br \/>\nZum Artikel<br \/>\n<\/a><\/p>\n","protected":false},"excerpt":{"rendered":"<p>Januar Sale \u2013 Friseur und Beauty Januar Sale \u2013 Friseur und Beauty Es sind die kleinen Dinge, die gl\u00fccklich machen. Eine frische Manik\u00fcre, ein regenerierendes Facial oder ein Marmeladenbr\u00f6tchen. Deshalb gibt&#8217;s in unserem Januar-Sale kleine Preise auf Beauty-Goodies f\u00fcr dein gro\u00dfes Gl\u00fcck in 2019. Kopf-hoch-Haarschnitt Kopf-hoch Haarschnitt Gro\u00dfe Pl\u00e4ne, auch f\u00fcr deine Haare? Wir vers\u00fc\u00dfen&hellip;<\/p>\n","protected":false},"author":10,"featured_media":0,"parent":0,"menu_order":0,"comment_status":"closed","ping_status":"closed","template":"","meta":{"inline_featured_image":false,"footnotes":""},"class_list":["post-8475","page","type-page","status-publish","hentry"],"yoast_head":"<!-- This site is optimized with the Yoast SEO plugin v27.3 - https:\/\/yoast.com\/product\/yoast-seo-wordpress\/ -->\n<title>January beauty sale | Up to 50% off hair and beauty appointments<\/title>\n<meta name=\"description\" content=\"Save up to 50% off your hair and beauty bookings this January with our exclusive sale on hair, nails, massage and brow and lash appointments.\" \/>\n<meta name=\"robots\" content=\"index, follow, max-snippet:-1, max-image-preview:large, max-video-preview:-1\" \/>\n<link rel=\"canonical\" href=\"https:\/\/www.treatwell.de/inspiration\/january-beauty-sale\/\" \/>\n<meta property=\"og:locale\" content=\"de_DE\" \/>\n<meta property=\"og:type\" content=\"article\" \/>\n<meta property=\"og:title\" content=\"January beauty sale | Up to 50% off hair and beauty appointments\" \/>\n<meta property=\"og:description\" content=\"Save up to 50% off your hair and beauty bookings this January with our exclusive sale on hair, nails, massage and brow and lash appointments.\" \/>\n<meta property=\"og:url\" content=\"https:\/\/www.treatwell.de/inspiration\/january-beauty-sale\/\" \/>\n<meta property=\"og:site_name\" content=\"Treatwell DE\" \/>\n<meta property=\"article:modified_time\" content=\"2019-03-18T12:40:21+00:00\" \/>\n<meta property=\"og:image\" content=\"https:\/\/www.treatwell.de/inspiration\/wp-content\/uploads\/sites\/7\/2018\/12\/DEAT_GLO_January_sale_crm_hero_KK_v01.gif\" \/>\n<meta name=\"twitter:card\" content=\"summary_large_image\" \/>\n<meta name=\"twitter:label1\" content=\"Gesch\u00e4tzte Lesezeit\" \/>\n\t<meta name=\"twitter:data1\" content=\"1 Minute\" \/>\n<script type=\"application\/ld+json\" class=\"yoast-schema-graph\">{\"@context\":\"https:\\\/\\\/schema.org\",\"@graph\":[{\"@type\":\"WebPage\",\"@id\":\"https:\\\/\\\/www.treatwell.de/inspiration\\\/january-beauty-sale\\\/\",\"url\":\"https:\\\/\\\/www.treatwell.de/inspiration\\\/january-beauty-sale\\\/\",\"name\":\"January beauty sale | Up to 50% off hair and beauty appointments\",\"isPartOf\":{\"@id\":\"https:\\\/\\\/www.treatwell.de/inspiration\\\/#website\"},\"primaryImageOfPage\":{\"@id\":\"https:\\\/\\\/www.treatwell.de/inspiration\\\/january-beauty-sale\\\/#primaryimage\"},\"image\":{\"@id\":\"https:\\\/\\\/www.treatwell.de/inspiration\\\/january-beauty-sale\\\/#primaryimage\"},\"thumbnailUrl\":\"https:\\\/\\\/www.treatwell.de/inspiration\\\/wp-content\\\/uploads\\\/sites\\\/7\\\/2018\\\/12\\\/DEAT_GLO_January_sale_crm_hero_KK_v01.gif\",\"datePublished\":\"2018-01-02T10:47:19+00:00\",\"dateModified\":\"2019-03-18T12:40:21+00:00\",\"description\":\"Save up to 50% off your hair and beauty bookings this January with our exclusive sale on hair, nails, massage and brow and lash appointments.\",\"breadcrumb\":{\"@id\":\"https:\\\/\\\/www.treatwell.de/inspiration\\\/january-beauty-sale\\\/#breadcrumb\"},\"inLanguage\":\"de-DE\",\"potentialAction\":[{\"@type\":\"ReadAction\",\"target\":[\"https:\\\/\\\/www.treatwell.de/inspiration\\\/january-beauty-sale\\\/\"]}]},{\"@type\":\"ImageObject\",\"inLanguage\":\"de-DE\",\"@id\":\"https:\\\/\\\/www.treatwell.de/inspiration\\\/january-beauty-sale\\\/#primaryimage\",\"url\":\"https:\\\/\\\/www.treatwell.de/inspiration\\\/wp-content\\\/uploads\\\/sites\\\/7\\\/2018\\\/12\\\/DEAT_GLO_January_sale_crm_hero_KK_v01.gif\",\"contentUrl\":\"https:\\\/\\\/www.treatwell.de/inspiration\\\/wp-content\\\/uploads\\\/sites\\\/7\\\/2018\\\/12\\\/DEAT_GLO_January_sale_crm_hero_KK_v01.gif\",\"width\":1160,\"height\":560},{\"@type\":\"BreadcrumbList\",\"@id\":\"https:\\\/\\\/www.treatwell.de/inspiration\\\/january-beauty-sale\\\/#breadcrumb\",\"itemListElement\":[{\"@type\":\"ListItem\",\"position\":1,\"name\":\"Home\",\"item\":\"https:\\\/\\\/www.treatwell.de/inspiration\\\/\"},{\"@type\":\"ListItem\",\"position\":2,\"name\":\"January beauty sale\"}]},{\"@type\":\"WebSite\",\"@id\":\"https:\\\/\\\/www.treatwell.de/inspiration\\\/#website\",\"url\":\"https:\\\/\\\/www.treatwell.de/inspiration\\\/\",\"name\":\"Treatwell DE\",\"description\":\"\",\"potentialAction\":[{\"@type\":\"SearchAction\",\"target\":{\"@type\":\"EntryPoint\",\"urlTemplate\":\"https:\\\/\\\/www.treatwell.de/inspiration\\\/?s={search_term_string}\"},\"query-input\":{\"@type\":\"PropertyValueSpecification\",\"valueRequired\":true,\"valueName\":\"search_term_string\"}}],\"inLanguage\":\"de-DE\"}]}<\/script>\n<!-- \/ Yoast SEO plugin. -->","yoast_head_json":{"title":"January beauty sale | Up to 50% off hair and beauty appointments","description":"Save up to 50% off your hair and beauty bookings this January with our exclusive sale on hair, nails, massage and brow and lash appointments.","robots":{"index":"index","follow":"follow","max-snippet":"max-snippet:-1","max-image-preview":"max-image-preview:large","max-video-preview":"max-video-preview:-1"},"canonical":"https:\/\/www.treatwell.de/inspiration\/january-beauty-sale\/","og_locale":"de_DE","og_type":"article","og_title":"January beauty sale | Up to 50% off hair and beauty appointments","og_description":"Save up to 50% off your hair and beauty bookings this January with our exclusive sale on hair, nails, massage and brow and lash appointments.","og_url":"https:\/\/www.treatwell.de/inspiration\/january-beauty-sale\/","og_site_name":"Treatwell DE","article_modified_time":"2019-03-18T12:40:21+00:00","og_image":[{"url":"https:\/\/www.treatwell.de/inspiration\/wp-content\/uploads\/sites\/7\/2018\/12\/DEAT_GLO_January_sale_crm_hero_KK_v01.gif","type":"","width":"","height":""}],"twitter_card":"summary_large_image","twitter_misc":{"Gesch\u00e4tzte Lesezeit":"1 Minute"},"schema":{"@context":"https:\/\/schema.org","@graph":[{"@type":"WebPage","@id":"https:\/\/www.treatwell.de/inspiration\/january-beauty-sale\/","url":"https:\/\/www.treatwell.de/inspiration\/january-beauty-sale\/","name":"January beauty sale | Up to 50% off hair and beauty appointments","isPartOf":{"@id":"https:\/\/www.treatwell.de/inspiration\/#website"},"primaryImageOfPage":{"@id":"https:\/\/www.treatwell.de/inspiration\/january-beauty-sale\/#primaryimage"},"image":{"@id":"https:\/\/www.treatwell.de/inspiration\/january-beauty-sale\/#primaryimage"},"thumbnailUrl":"https:\/\/www.treatwell.de/inspiration\/wp-content\/uploads\/sites\/7\/2018\/12\/DEAT_GLO_January_sale_crm_hero_KK_v01.gif","datePublished":"2018-01-02T10:47:19+00:00","dateModified":"2019-03-18T12:40:21+00:00","description":"Save up to 50% off your hair and beauty bookings this January with our exclusive sale on hair, nails, massage and brow and lash appointments.","breadcrumb":{"@id":"https:\/\/www.treatwell.de/inspiration\/january-beauty-sale\/#breadcrumb"},"inLanguage":"de-DE","potentialAction":[{"@type":"ReadAction","target":["https:\/\/www.treatwell.de/inspiration\/january-beauty-sale\/"]}]},{"@type":"ImageObject","inLanguage":"de-DE","@id":"https:\/\/www.treatwell.de/inspiration\/january-beauty-sale\/#primaryimage","url":"https:\/\/www.treatwell.de/inspiration\/wp-content\/uploads\/sites\/7\/2018\/12\/DEAT_GLO_January_sale_crm_hero_KK_v01.gif","contentUrl":"https:\/\/www.treatwell.de/inspiration\/wp-content\/uploads\/sites\/7\/2018\/12\/DEAT_GLO_January_sale_crm_hero_KK_v01.gif","width":1160,"height":560},{"@type":"BreadcrumbList","@id":"https:\/\/www.treatwell.de/inspiration\/january-beauty-sale\/#breadcrumb","itemListElement":[{"@type":"ListItem","position":1,"name":"Home","item":"https:\/\/www.treatwell.de/inspiration\/"},{"@type":"ListItem","position":2,"name":"January beauty sale"}]},{"@type":"WebSite","@id":"https:\/\/www.treatwell.de/inspiration\/#website","url":"https:\/\/www.treatwell.de/inspiration\/","name":"Treatwell DE","description":"","potentialAction":[{"@type":"SearchAction","target":{"@type":"EntryPoint","urlTemplate":"https:\/\/www.treatwell.de/inspiration\/?s={search_term_string}"},"query-input":{"@type":"PropertyValueSpecification","valueRequired":true,"valueName":"search_term_string"}}],"inLanguage":"de-DE"}]}},"_links":{"self":[{"href":"https:\/\/www.treatwell.de\/inspiration\/wp-json\/wp\/v2\/pages\/8475","targetHints":{"allow":["GET"]}}],"collection":[{"href":"https:\/\/www.treatwell.de\/inspiration\/wp-json\/wp\/v2\/pages"}],"about":[{"href":"https:\/\/www.treatwell.de\/inspiration\/wp-json\/wp\/v2\/types\/page"}],"author":[{"embeddable":true,"href":"https:\/\/www.treatwell.de\/inspiration\/wp-json\/wp\/v2\/users\/10"}],"replies":[{"embeddable":true,"href":"https:\/\/www.treatwell.de\/inspiration\/wp-json\/wp\/v2\/comments?post=8475"}],"version-history":[{"count":0,"href":"https:\/\/www.treatwell.de\/inspiration\/wp-json\/wp\/v2\/pages\/8475\/revisions"}],"wp:attachment":[{"href":"https:\/\/www.treatwell.de\/inspiration\/wp-json\/wp\/v2\/media?parent=8475"}],"curies":[{"name":"wp","href":"https:\/\/api.w.org\/{rel}","templated":true}]}}