{"id":7772,"date":"2016-01-15T10:16:37","date_gmt":"2016-01-15T10:16:37","guid":{"rendered":"https:\/\/www.treatwell.co.uk\/inspiration\/?page_id=7767"},"modified":"2018-07-31T07:39:59","modified_gmt":"2018-07-31T07:39:59","slug":"summer-nights","status":"publish","type":"page","link":"https:\/\/www.treatwell.de/inspiration\/summer-nights\/","title":{"rendered":"Summer Nights"},"content":{"rendered":"<p>Hallo Sommer<\/p>\n<p>Hallo Sommer<\/p>\n<p style=\"text-align: center;font-size: 20px\">Treatments, die Lust auf lange Sommerabende machen<\/p>\n<p style=\"font-size: 80px;font-weight: bold;line-height: 100%;text-align: left\">Sand tut deinen<\/p>\n<p style=\"text-align: center;font-size: 80px;line-height: 100%;font-weight: bold\">N\u00e4geln nichts<\/p>\n<p>\t\t\t<a href=\"https:\/\/www.treatwell.de\/orte\/behandlung-pedikuere\/angebot-typ-lokal\/in-de\/?mkt_params=GC~summer18_LC~summernightsdach_PM~LP-slot_CM~summernightspedi\" target=\"_self\" role=\"button\"><br \/>\n\t\t\t\t\t\t\tKlassische Pedik\u00fcre buchen<br \/>\n\t\t\t\t\t<\/a><br \/>\n\t\t\t<a href=\"https:\/\/www.treatwell.de\/orte\/behandlung-gel-manikuere,gel-pedikuere\/angebot-typ-lokal\/in-de\/?mkt_params=GC~summer18_LC~summernightsdach_PM~LP-slot_CM~summernightspedi\" target=\"_self\" role=\"button\"><br \/>\n\t\t\t\t\t\t\tGel-N\u00e4gel buchen<br \/>\n\t\t\t\t\t<\/a><\/p>\n<p style=\"font-size: 60px;font-weight: bold;line-height: 100%;text-align: left\">Sand tut deinen N\u00e4geln nichts<\/p>\n<p>\t\t\t<a href=\"https:\/\/www.treatwell.de\/orte\/behandlung-pedikuere\/angebot-typ-lokal\/in-de\/?mkt_params=GC~summer18_LC~summernightsdach_PM~LP-slot_CM~summernightspedi\" target=\"_self\" role=\"button\"><br \/>\n\t\t\t\t\t\t\tGel-Pedik\u00fcre buchen<br \/>\n\t\t\t\t\t<\/a><br \/>\n\t\t\t<a href=\"https:\/\/www.treatwell.de\/orte\/behandlung-gel-manikuere,gel-pedikuere\/angebot-typ-lokal\/in-de\/?mkt_params=GC~summer18_LC~summernightsdach_PM~LP-slot_CM~summernightspedi\" target=\"_self\" role=\"button\"><br \/>\n\t\t\t\t\t\t\tGel-N\u00e4gel buchen<br \/>\n\t\t\t\t\t<\/a><\/p>\n<p style=\"text-align: center;font-size: 80px;font-weight: bold;line-height: 100%\">Vergiss&#8216;<\/p>\n<p style=\"font-size: 80px;line-height: 100%;font-weight: bold;text-align: center\">deinen Rasierer<\/p>\n<p>\t\t\t<a href=\"https:\/\/www.treatwell.de\/orte\/behandlung-bikini-waxing,brazilian-waxing,hollywood-waxing\/angebot-typ-lokal\/in-de\/?mkt_params=GC~summer18_LC~summernightsdach_PM~LP-slot_CM~\" target=\"_self\" role=\"button\"><br \/>\n\t\t\t\t\t\t\tBikini-Waxing buchen<br \/>\n\t\t\t\t\t<\/a><br \/>\n\t\t\t<a href=\"https:\/\/www.treatwell.de\/orte\/behandlung-sugaring\/angebot-typ-lokal\/in-de\/?mkt_params=GC~summer18_LC~summernightsdach_PM~LP-slot_CM~\" target=\"_self\" role=\"button\"><br \/>\n\t\t\t\t\t\t\tSugaring buchen<br \/>\n\t\t\t\t\t<\/a><br \/>\n\t\t\t<a href=\"https:\/\/www.treatwell.de\/orte\/behandlung-damen-waxing\/angebot-typ-lokal\/in-de\/?mkt_params=GC~summer18_LC~summernightsdach_PM~LP-slot_CM~\" target=\"_self\" role=\"button\"><br \/>\n\t\t\t\t\t\t\tWaxing buchen<br \/>\n\t\t\t\t\t<\/a><\/p>\n<p style=\"font-size: 60px;font-weight: bold;line-height: 100%;text-align: left\">Vergiss&#8216; deinen Rasierer<\/p>\n<p>\t\t\t<a href=\"https:\/\/www.treatwell.de\/orte\/behandlung-bikini-waxing,brazilian-waxing,hollywood-waxing\/angebot-typ-lokal\/in-de\/?mkt_params=GC~summer18_LC~summernightsdach_PM~LP-slot_CM~\" target=\"_self\" role=\"button\"><br \/>\n\t\t\t\t\t\t\tBikini-Waxing buchen<br \/>\n\t\t\t\t\t<\/a><br \/>\n\t\t\t<a href=\"https:\/\/www.treatwell.de\/orte\/behandlung-sugaring\/angebot-typ-lokal\/in-de\/?mkt_params=GC~summer18_LC~summernightsdach_PM~LP-slot_CM~\" target=\"_self\" role=\"button\"><br \/>\n\t\t\t\t\t\t\tSugaring buchen<br \/>\n\t\t\t\t\t<\/a><br \/>\n\t\t\t<a href=\"https:\/\/www.treatwell.de\/orte\/behandlung-damen-waxing\/angebot-typ-lokal\/in-de\/?mkt_params=GC~summer18_LC~summernightsdach_PM~LP-slot_CM~\" target=\"_self\" role=\"button\"><br \/>\n\t\t\t\t\t\t\tWaxing buchen<br \/>\n\t\t\t\t\t<\/a><\/p>\n<p style=\"font-size: 80px;font-weight: bold;line-height: 100%;text-align: left\">Lieber Mascara, wir<\/p>\n<p style=\"text-align: center;font-size: 80px;line-height: 100%;font-weight: bold\">brauchen eine Pause<\/p>\n<p>\t\t\t<a href=\"https:\/\/www.treatwell.de\/orte\/behandlung-wimpernverlaengerung\/angebot-typ-lokal\/in-de\/?mkt_params=GC~summer18_LC~summernightsdach_PM~LP-slot_CM~\" target=\"_self\" role=\"button\"><br \/>\n\t\t\t\t\t\t\tBuch&#8216; Wimpernverl\u00e4ngerung<br \/>\n\t\t\t\t\t<\/a><br \/>\n\t\t\t<a href=\"https:\/\/www.treatwell.de\/orte\/behandlung-augenbrauen-wimpern-faerben\/angebot-typ-lokal\/in-de\/?mkt_params=GC~summer18_LC~summernightsdach_PM~LP-slot_CM~\" target=\"_self\" role=\"button\"><br \/>\n\t\t\t\t\t\t\tBuch&#8216; Wimpern f\u00e4rben<br \/>\n\t\t\t\t\t<\/a><\/p>\n<p style=\"font-size: 60px;font-weight: bold;line-height: 100%;text-align: left\">Lieber Mascara, wir brauchen eine Pause<\/p>\n<p>\t\t\t<a href=\"https:\/\/www.treatwell.de\/orte\/behandlung-augenbrauen-wimpern-faerben\/angebot-typ-lokal\/in-de\/?mkt_params=GC~summer18_LC~summernightsdach_PM~LP-slot_CM~\" target=\"_self\" role=\"button\"><br \/>\n\t\t\t\t\t\t\tBuch&#8216; Wimpern f\u00e4rben<br \/>\n\t\t\t\t\t<\/a><br \/>\n\t\t\t<a href=\"https:\/\/www.treatwell.de\/orte\/behandlung-wimpernverlaengerung\/angebot-typ-lokal\/in-de\/?mkt_params=GC~summer18_LC~summernightsdach_PM~LP-slot_CM~\" target=\"_self\" role=\"button\"><br \/>\n\t\t\t\t\t\t\tBuch&#8216; Wimpernverl\u00e4ngerung<br \/>\n\t\t\t\t\t<\/a><\/p>\n<p style=\"font-size: 80px;font-weight: bold;line-height: 100%;text-align: right\">Nichts sagt<\/p>\n<p style=\"font-size: 80px;line-height: 100%;font-weight: bold;text-align: right\">mehr Sommer<\/p>\n<p style=\"font-size: 80px;line-height: 100%;font-weight: bold;text-align: right\">als Neon&#8230;<\/p>\n<p>\t\t\t<a href=\"https:\/\/www.treatwell.de\/orte\/behandlung-manikuere\/angebot-typ-lokal\/in-de\/?mkt_params=GC~summer18_LC~summernightsdach_PM~LP-slot_CM~neon\" target=\"_self\" role=\"button\"><br \/>\n\t\t\t\t\t\t\tKlassische Manik\u00fcre buchen<br \/>\n\t\t\t\t\t<\/a><\/p>\n<p style=\"font-size: 60px;font-weight: bold;line-height: 100%;text-align: left\">Nichts sagt mehr Sommer als Neon&#8230;<\/p>\n<p>\t\t\t<a href=\"https:\/\/www.treatwell.de\/orte\/behandlung-manikuere\/angebot-typ-lokal\/in-de\/?mkt_params=GC~summer18_LC~summernightsdach_PM~LP-slot_CM~neon\" target=\"_self\" role=\"button\"><br \/>\n\t\t\t\t\t\t\tKlassische Manik\u00fcre buchen<br \/>\n\t\t\t\t\t<\/a><\/p>\n<p style=\"font-size: 80px;font-weight: bold;line-height: 100%;text-align: center\">Billiger als ein<\/p>\n<p style=\"font-size: 80px;line-height: 100%;font-weight: bold;text-align: center\">Flug nach Mallorca<\/p>\n<p>\t\t\t<a href=\"https:\/\/www.treatwell.de\/orte\/behandlung-spruehbraeune-braeune-ohne-sonne\/angebot-typ-lokal\/in-de\/?mkt_params=GC~summer18_LC~summernightsdach_PM~LP-slot_CM~\" target=\"_self\" role=\"button\"><br \/>\n\t\t\t\t\t\t\tBuch&#8216; Spr\u00fchbr\u00e4une<br \/>\n\t\t\t\t\t<\/a><\/p>\n<p style=\"font-size: 60px;font-weight: bold;line-height: 110%;text-align: left\">Billiger als ein Flug nach Mallorca<\/p>\n<p>\t\t\t<a href=\"https:\/\/www.treatwell.de\/orte\/behandlung-spruehbraeune-braeune-ohne-sonne\/angebot-typ-lokal\/in-de\/?mkt_params=GC~summer18_LC~summernightsdach_PM~LP-slot_CM~\" target=\"_self\" role=\"button\"><br \/>\n\t\t\t\t\t\t\tBuch&#8216; Spr\u00fchbr\u00e4une<br \/>\n\t\t\t\t\t<\/a><\/p>\n<p style=\"font-size: 80px;font-weight: bold;line-height: 100%;text-align: left\">Urlaub f\u00fcr <\/p>\n<p style=\"font-size: 80px;line-height: 100%;font-weight: bold;text-align: left\">die M\u00e4hne<\/p>\n<p>\t\t\t<a href=\"https:\/\/www.treatwell.de\/orte\/behandlung-haarkuren-pflege\/angebot-typ-lokal\/in-de\/?mkt_params=GC~summer18_LC~summernightsdach_PM~LP-slot_CM~\" target=\"_self\" role=\"button\"><br \/>\n\t\t\t\t\t\t\tPflege bis in die Haarspitzen<br \/>\n\t\t\t\t\t<\/a><br \/>\n\t\t\t<a href=\"https:\/\/www.treatwell.de\/orte\/behandlung-damenhaarschnitt\/angebot-typ-lokal\/in-de\/?mkt_params=GC~summer18_LC~summernightsdach_PM~LP-slot_CM~\" target=\"_self\" role=\"button\"><br \/>\n\t\t\t\t\t\t\tFriseurtermin buchen<br \/>\n\t\t\t\t\t<\/a><\/p>\n<p style=\"font-size: 60px;font-weight: bold;line-height: 100%;text-align: left\">Urlaub f\u00fcr die M\u00e4hne<\/p>\n<p>\t\t\t<a href=\"https:\/\/www.treatwell.de\/orte\/behandlung-haarkuren-pflege\/angebot-typ-lokal\/in-de\/?mkt_params=GC~summer18_LC~summernightsdach_PM~LP-slot_CM~\" target=\"_self\" role=\"button\"><br \/>\n\t\t\t\t\t\t\tPflege bis in die Haarspitzen<br \/>\n\t\t\t\t\t<\/a><br \/>\n\t\t\t<a href=\"https:\/\/www.treatwell.de\/orte\/behandlung-damenhaarschnitt\/angebot-typ-lokal\/in-de\/?mkt_params=GC~summer18_LC~summernightsdach_PM~LP-slot_CM~\" target=\"_self\" role=\"button\"><br \/>\n\t\t\t\t\t\t\tFriseurtermin buchen<br \/>\n\t\t\t\t\t<\/a><\/p>\n<p style=\"font-size: 80px;font-weight: bold;line-height: 100%;text-align: center\">Wenn die<\/p>\n<p style=\"font-size: 80px;line-height: 100%;font-weight: bold;text-align: center\">Stadt leer ist&#8230;<\/p>\n<p>\t\t\t<a href=\"https:\/\/www.treatwell.de\/orte\/angebot-typ-lokal\/rabatte-flexibel\/in-de\/?mkt_params=GC~summer18_LC~summernightsdach_PM~LP-slot_CM~\" target=\"_self\" role=\"button\"><br \/>\n\t\t\t\t\t\t\tG\u00fcnstiger in den Nebenzeiten<br \/>\n\t\t\t\t\t<\/a><br \/>\n\t\t\t<a href=\"https:\/\/www.treatwell.de\/orte\/angebot-typ-lokal\/in-de\/kaufen-als-buchung\/verfuegbar-in-den-naechsten-7-tage\/?mkt_params=GC~summer18_LC~summernightsdach_PM~LP-slot_CM~\" target=\"_self\" role=\"button\"><br \/>\n\t\t\t\t\t\t\tLast-Minute Termine<br \/>\n\t\t\t\t\t<\/a><\/p>\n<p style=\"font-size: 60px;font-weight: bold;line-height: 100%;text-align: left\">Finde den verlorenen Schatz in deiner Stadt<\/p>\n<p>\t\t\t<a href=\"https:\/\/www.treatwell.de\/orte\/angebot-typ-lokal\/rabatte-flexibel\/in-de\/?mkt_params=GC~summer18_LC~summernightsdach_PM~LP-slot_CM~\" target=\"_self\" role=\"button\"><br \/>\n\t\t\t\t\t\t\tG\u00fcnstiger in den Nebenzeiten<br \/>\n\t\t\t\t\t<\/a><br \/>\n\t\t\t<a href=\"https:\/\/www.treatwell.de\/orte\/angebot-typ-lokal\/in-de\/kaufen-als-buchung\/verfuegbar-in-den-naechsten-7-tage\/?mkt_params=GC~summer18_LC~summernightsdach_PM~LP-slot_CM~\" target=\"_self\" role=\"button\"><br \/>\n\t\t\t\t\t\t\tLast-Minute Termine<br \/>\n\t\t\t\t\t<\/a><br \/>\n\t\t\t\t<img decoding=\"async\" src=\"https:\/\/en-gb.twinspiration.wpengine.treatwell.com\/wp-content\/uploads\/sites\/9\/2016\/01\/TW_Summer-Nights_Landingpage_MP_v08_22.jpg\" alt=\"TW_Summer-Nights_Landingpage_MP_v08_22\" \/><\/p>\n<p style=\"text-align: left;font-size: 36px;font-weight: bold;line-height: 100%\"><strong>6 Arten der<\/strong><\/p>\n<p style=\"text-align: left;font-size: 36px;font-weight: bold;line-height: 100%\"><strong>Wimpernverl\u00e4ngerung<\/strong><\/p>\n<p>Wenn du genau wie wir von einem dramatischen Wimpernvolumen tr\u00e4umst, haben wir hier alles wissenswertes zusammengetragen.<\/p>\n<p>\t\t\t<a href=\"https:\/\/www.treatwell.de\/treatment-files\/sechs-arten-der-wimpernverlaengerung-fuer-einen-maerchenhaften-augenaufschlag\/?mkt_params=GC~summer18_LC~summernightsdach_PM~LP-slot_CM~content\" target=\"_self\" role=\"button\"><br \/>\n\t\t\t\t\t\t\tErfahren mehr<br \/>\n\t\t\t\t\t<\/a><br \/>\n\t\t\t\t<img decoding=\"async\" src=\"https:\/\/en-gb.twinspiration.wpengine.treatwell.com\/wp-content\/uploads\/sites\/9\/2016\/01\/TW_Summer-Nights_Landingpage_MP_v08_21.jpg\" alt=\"TW_Summer-Nights_Landingpage_MP_v08_21\" \/><\/p>\n<p style=\"text-align: left;font-size: 36px;font-weight: bold;line-height: 100%\">Treatments f\u00fcr nach<\/p>\n<p style=\"text-align: left;font-size: 36px;font-weight: bold;line-height: 100%\">dem\u00a0Festival<\/p>\n<p>Du brauchst eine DETOX Kur? Dann kommt hier unser kleiner SOS Guide der dich schnell wieder auf Vordermann bringt.<\/p>\n<p>\t\t\t<a href=\"https:\/\/www.treatwell.de\/treatment-files\/diese-5-beauty-treatments-bringen-dich-nach-einem-festival-wieder-auf-vordermann\/?mkt_params=GC~summer18_LC~summernightsdach_PM~LP-slot_CM~content\" target=\"_self\" role=\"button\"><br \/>\n\t\t\t\t\t\t\tErfahre mehr<br \/>\n\t\t\t\t\t<\/a><br \/>\n\t\t\t\t<img decoding=\"async\" src=\"https:\/\/en-gb.twinspiration.wpengine.treatwell.com\/wp-content\/uploads\/sites\/9\/2016\/01\/TW_Summer-Nights_Landingpage_MP_v08_24.jpg\" alt=\"TW_Summer-Nights_Landingpage_MP_v08_24\" \/><\/p>\n<p style=\"text-align: left;font-size: 36px;font-weight: bold;line-height: 100%\">Die Neon Nails<\/p>\n<p style=\"text-align: left;font-size: 36px;font-weight: bold;line-height: 100%\">Trends<\/p>\n<p style=\"text-align: center;font-size: 36px;font-weight: bold;line-height: 100%\">\n<p>Sommer, Sonne, Neonfieber! Wenn wir etwas wissen dann, dass diesen\u00a0Sommer Neon Nails ein Hingucker werden. Lass dich verzaubern!<\/p>\n<p>\t\t\t<a href=\"https:\/\/www.treatwell.de\/treatment-files\/neon-nails-setze-deine-haende-fruchtig-in-szene\/?mkt_params=GC~summer18_LC~summernightsdach_PM~LP-slot_CM~content\" target=\"_self\" role=\"button\"><br \/>\n\t\t\t\t\t\t\tErfahre mehr<br \/>\n\t\t\t\t\t<\/a><\/p>\n","protected":false},"excerpt":{"rendered":"<p>Hallo Sommer Hallo Sommer Treatments, die Lust auf lange Sommerabende machen Sand tut deinen N\u00e4geln nichts Klassische Pedik\u00fcre buchen Gel-N\u00e4gel buchen Sand tut deinen N\u00e4geln nichts Gel-Pedik\u00fcre buchen Gel-N\u00e4gel buchen Vergiss&#8216; deinen Rasierer Bikini-Waxing buchen Sugaring buchen Waxing buchen Vergiss&#8216; deinen Rasierer Bikini-Waxing buchen Sugaring buchen Waxing buchen Lieber Mascara, wir brauchen eine Pause Buch&#8216;&hellip;<\/p>\n","protected":false},"author":10,"featured_media":0,"parent":0,"menu_order":0,"comment_status":"closed","ping_status":"closed","template":"","meta":{"inline_featured_image":false,"footnotes":""},"class_list":["post-7772","page","type-page","status-publish","hentry"],"yoast_head":"<!-- This site is optimized with the Yoast SEO plugin v27.5 - https:\/\/yoast.com\/product\/yoast-seo-wordpress\/ -->\n<title>Summer Nights - Treatwell DE<\/title>\n<meta name=\"robots\" content=\"index, follow, max-snippet:-1, max-image-preview:large, max-video-preview:-1\" \/>\n<link rel=\"canonical\" href=\"https:\/\/www.treatwell.de/inspiration\/summer-nights\/\" \/>\n<meta property=\"og:locale\" content=\"de_DE\" \/>\n<meta property=\"og:type\" content=\"article\" \/>\n<meta property=\"og:title\" content=\"Summer Nights - Treatwell DE\" \/>\n<meta property=\"og:description\" content=\"Hallo Sommer Hallo Sommer Treatments, die Lust auf lange Sommerabende machen Sand tut deinen N\u00e4geln nichts Klassische Pedik\u00fcre buchen Gel-N\u00e4gel buchen Sand tut deinen N\u00e4geln nichts Gel-Pedik\u00fcre buchen Gel-N\u00e4gel buchen Vergiss&#8216; deinen Rasierer Bikini-Waxing buchen Sugaring buchen Waxing buchen Vergiss&#8216; deinen Rasierer Bikini-Waxing buchen Sugaring buchen Waxing buchen Lieber Mascara, wir brauchen eine Pause Buch&#8216;&hellip;\" \/>\n<meta property=\"og:url\" content=\"https:\/\/www.treatwell.de/inspiration\/summer-nights\/\" \/>\n<meta property=\"og:site_name\" content=\"Treatwell DE\" \/>\n<meta property=\"article:modified_time\" content=\"2018-07-31T07:39:59+00:00\" \/>\n<meta property=\"og:image\" content=\"https:\/\/en-gb.twinspiration.wpengine.treatwell.com\/wp-content\/uploads\/sites\/9\/2016\/01\/TW_Summer-Nights_Landingpage_MP_v08_22.jpg\" \/>\n<meta name=\"twitter:card\" content=\"summary_large_image\" \/>\n<meta name=\"twitter:label1\" content=\"Gesch\u00e4tzte Lesezeit\" \/>\n\t<meta name=\"twitter:data1\" content=\"1 Minute\" \/>\n<script type=\"application\/ld+json\" class=\"yoast-schema-graph\">{\"@context\":\"https:\\\/\\\/schema.org\",\"@graph\":[{\"@type\":\"WebPage\",\"@id\":\"https:\\\/\\\/www.treatwell.de/inspiration\\\/summer-nights\\\/\",\"url\":\"https:\\\/\\\/www.treatwell.de/inspiration\\\/summer-nights\\\/\",\"name\":\"Summer Nights - Treatwell DE\",\"isPartOf\":{\"@id\":\"https:\\\/\\\/www.treatwell.de/inspiration\\\/#website\"},\"primaryImageOfPage\":{\"@id\":\"https:\\\/\\\/www.treatwell.de/inspiration\\\/summer-nights\\\/#primaryimage\"},\"image\":{\"@id\":\"https:\\\/\\\/www.treatwell.de/inspiration\\\/summer-nights\\\/#primaryimage\"},\"thumbnailUrl\":\"https:\\\/\\\/en-gb.twinspiration.wpengine.treatwell.com\\\/wp-content\\\/uploads\\\/sites\\\/9\\\/2016\\\/01\\\/TW_Summer-Nights_Landingpage_MP_v08_22.jpg\",\"datePublished\":\"2016-01-15T10:16:37+00:00\",\"dateModified\":\"2018-07-31T07:39:59+00:00\",\"breadcrumb\":{\"@id\":\"https:\\\/\\\/www.treatwell.de/inspiration\\\/summer-nights\\\/#breadcrumb\"},\"inLanguage\":\"de-DE\",\"potentialAction\":[{\"@type\":\"ReadAction\",\"target\":[\"https:\\\/\\\/www.treatwell.de/inspiration\\\/summer-nights\\\/\"]}]},{\"@type\":\"ImageObject\",\"inLanguage\":\"de-DE\",\"@id\":\"https:\\\/\\\/www.treatwell.de/inspiration\\\/summer-nights\\\/#primaryimage\",\"url\":\"https:\\\/\\\/en-gb.twinspiration.wpengine.treatwell.com\\\/wp-content\\\/uploads\\\/sites\\\/9\\\/2016\\\/01\\\/TW_Summer-Nights_Landingpage_MP_v08_22.jpg\",\"contentUrl\":\"https:\\\/\\\/en-gb.twinspiration.wpengine.treatwell.com\\\/wp-content\\\/uploads\\\/sites\\\/9\\\/2016\\\/01\\\/TW_Summer-Nights_Landingpage_MP_v08_22.jpg\"},{\"@type\":\"BreadcrumbList\",\"@id\":\"https:\\\/\\\/www.treatwell.de/inspiration\\\/summer-nights\\\/#breadcrumb\",\"itemListElement\":[{\"@type\":\"ListItem\",\"position\":1,\"name\":\"Home\",\"item\":\"https:\\\/\\\/www.treatwell.de/inspiration\\\/\"},{\"@type\":\"ListItem\",\"position\":2,\"name\":\"Summer Nights\"}]},{\"@type\":\"WebSite\",\"@id\":\"https:\\\/\\\/www.treatwell.de/inspiration\\\/#website\",\"url\":\"https:\\\/\\\/www.treatwell.de/inspiration\\\/\",\"name\":\"Treatwell DE\",\"description\":\"\",\"potentialAction\":[{\"@type\":\"SearchAction\",\"target\":{\"@type\":\"EntryPoint\",\"urlTemplate\":\"https:\\\/\\\/www.treatwell.de/inspiration\\\/?s={search_term_string}\"},\"query-input\":{\"@type\":\"PropertyValueSpecification\",\"valueRequired\":true,\"valueName\":\"search_term_string\"}}],\"inLanguage\":\"de-DE\"}]}<\/script>\n<!-- \/ Yoast SEO plugin. -->","yoast_head_json":{"title":"Summer Nights - Treatwell DE","robots":{"index":"index","follow":"follow","max-snippet":"max-snippet:-1","max-image-preview":"max-image-preview:large","max-video-preview":"max-video-preview:-1"},"canonical":"https:\/\/www.treatwell.de/inspiration\/summer-nights\/","og_locale":"de_DE","og_type":"article","og_title":"Summer Nights - Treatwell DE","og_description":"Hallo Sommer Hallo Sommer Treatments, die Lust auf lange Sommerabende machen Sand tut deinen N\u00e4geln nichts Klassische Pedik\u00fcre buchen Gel-N\u00e4gel buchen Sand tut deinen N\u00e4geln nichts Gel-Pedik\u00fcre buchen Gel-N\u00e4gel buchen Vergiss&#8216; deinen Rasierer Bikini-Waxing buchen Sugaring buchen Waxing buchen Vergiss&#8216; deinen Rasierer Bikini-Waxing buchen Sugaring buchen Waxing buchen Lieber Mascara, wir brauchen eine Pause Buch&#8216;&hellip;","og_url":"https:\/\/www.treatwell.de/inspiration\/summer-nights\/","og_site_name":"Treatwell DE","article_modified_time":"2018-07-31T07:39:59+00:00","og_image":[{"url":"https:\/\/en-gb.twinspiration.wpengine.treatwell.com\/wp-content\/uploads\/sites\/9\/2016\/01\/TW_Summer-Nights_Landingpage_MP_v08_22.jpg","type":"","width":"","height":""}],"twitter_card":"summary_large_image","twitter_misc":{"Gesch\u00e4tzte Lesezeit":"1 Minute"},"schema":{"@context":"https:\/\/schema.org","@graph":[{"@type":"WebPage","@id":"https:\/\/www.treatwell.de/inspiration\/summer-nights\/","url":"https:\/\/www.treatwell.de/inspiration\/summer-nights\/","name":"Summer Nights - Treatwell DE","isPartOf":{"@id":"https:\/\/www.treatwell.de/inspiration\/#website"},"primaryImageOfPage":{"@id":"https:\/\/www.treatwell.de/inspiration\/summer-nights\/#primaryimage"},"image":{"@id":"https:\/\/www.treatwell.de/inspiration\/summer-nights\/#primaryimage"},"thumbnailUrl":"https:\/\/en-gb.twinspiration.wpengine.treatwell.com\/wp-content\/uploads\/sites\/9\/2016\/01\/TW_Summer-Nights_Landingpage_MP_v08_22.jpg","datePublished":"2016-01-15T10:16:37+00:00","dateModified":"2018-07-31T07:39:59+00:00","breadcrumb":{"@id":"https:\/\/www.treatwell.de/inspiration\/summer-nights\/#breadcrumb"},"inLanguage":"de-DE","potentialAction":[{"@type":"ReadAction","target":["https:\/\/www.treatwell.de/inspiration\/summer-nights\/"]}]},{"@type":"ImageObject","inLanguage":"de-DE","@id":"https:\/\/www.treatwell.de/inspiration\/summer-nights\/#primaryimage","url":"https:\/\/en-gb.twinspiration.wpengine.treatwell.com\/wp-content\/uploads\/sites\/9\/2016\/01\/TW_Summer-Nights_Landingpage_MP_v08_22.jpg","contentUrl":"https:\/\/en-gb.twinspiration.wpengine.treatwell.com\/wp-content\/uploads\/sites\/9\/2016\/01\/TW_Summer-Nights_Landingpage_MP_v08_22.jpg"},{"@type":"BreadcrumbList","@id":"https:\/\/www.treatwell.de/inspiration\/summer-nights\/#breadcrumb","itemListElement":[{"@type":"ListItem","position":1,"name":"Home","item":"https:\/\/www.treatwell.de/inspiration\/"},{"@type":"ListItem","position":2,"name":"Summer Nights"}]},{"@type":"WebSite","@id":"https:\/\/www.treatwell.de/inspiration\/#website","url":"https:\/\/www.treatwell.de/inspiration\/","name":"Treatwell DE","description":"","potentialAction":[{"@type":"SearchAction","target":{"@type":"EntryPoint","urlTemplate":"https:\/\/www.treatwell.de/inspiration\/?s={search_term_string}"},"query-input":{"@type":"PropertyValueSpecification","valueRequired":true,"valueName":"search_term_string"}}],"inLanguage":"de-DE"}]}},"_links":{"self":[{"href":"https:\/\/www.treatwell.de\/inspiration\/wp-json\/wp\/v2\/pages\/7772","targetHints":{"allow":["GET"]}}],"collection":[{"href":"https:\/\/www.treatwell.de\/inspiration\/wp-json\/wp\/v2\/pages"}],"about":[{"href":"https:\/\/www.treatwell.de\/inspiration\/wp-json\/wp\/v2\/types\/page"}],"author":[{"embeddable":true,"href":"https:\/\/www.treatwell.de\/inspiration\/wp-json\/wp\/v2\/users\/10"}],"replies":[{"embeddable":true,"href":"https:\/\/www.treatwell.de\/inspiration\/wp-json\/wp\/v2\/comments?post=7772"}],"version-history":[{"count":0,"href":"https:\/\/www.treatwell.de\/inspiration\/wp-json\/wp\/v2\/pages\/7772\/revisions"}],"wp:attachment":[{"href":"https:\/\/www.treatwell.de\/inspiration\/wp-json\/wp\/v2\/media?parent=7772"}],"curies":[{"name":"wp","href":"https:\/\/api.w.org\/{rel}","templated":true}]}}