{"id":7243,"date":"2018-05-03T15:20:26","date_gmt":"2018-05-03T15:20:26","guid":{"rendered":"https:\/\/www.treatwell.de\/inspiration\/?page_id=7243"},"modified":"2018-05-07T15:52:48","modified_gmt":"2018-05-07T15:52:48","slug":"muttertag","status":"publish","type":"page","link":"https:\/\/www.treatwell.de/inspiration\/muttertag\/","title":{"rendered":"Muttertagsgeschenke"},"content":{"rendered":"<p>&nbsp;<\/p>\n<p><strong>Schon an<\/strong><\/p>\n<p><strong>\u00a0 \u00a0 \u00a0 \u00a0 \u00a0 \u00a0deine Mama gedacht?<\/strong><\/p>\n<h3>Sie umsorgt uns noch heute und hat immer ein offenes Ohr.\u00a0Zeit ihr daf\u00fcr zu danken und unsere M\u00fctter zu feiern. Verschenke jetzt Beauty-Momente.<\/h3>\n<p>&nbsp;<\/p>\n<p>\t\t\t<a href=\"https:\/\/www.treatwell.de\/geschenkkarte\/\" target=\"_blank\" role=\"button\"><br \/>\n\t\t\t\t\t\t\tGeschenkgutschein kaufen<br \/>\n\t\t\t\t\t<\/a><br \/>\n\t\t\t\t<img decoding=\"async\" src=\"https:\/\/www.treatwell.de/inspiration\/wp-content\/uploads\/sites\/7\/2018\/05\/Treatment-module-01-Pedicure.jpg\" alt=\"Treatment module 01 Pedicure\" \/><\/p>\n<p><strong>Pedik\u00fcre<\/strong><\/p>\n<p>F\u00fcr all die Jahre in denen uns unsere Mama hinterhergerannt ist.<\/p>\n<p>\t\t\t<a href=\"https:\/\/www.treatwell.de\/orte\/behandlung-pedikuere\/angebot-typ-lokal\/in-de\/\" target=\"_blank\" role=\"button\"><br \/>\n\t\t\t\t\t\t\tPedik\u00fcre verschenken<br \/>\n\t\t\t\t\t<\/a><br \/>\n\t\t\t\t<img decoding=\"async\" src=\"https:\/\/www.treatwell.de/inspiration\/wp-content\/uploads\/sites\/7\/2018\/05\/Treatment-module-03-Massage-1.jpg\" alt=\"Treatment module 03 Massage (1)\" \/><\/p>\n<p><strong>Massage<\/strong><\/p>\n<p>F\u00fcr all den Stress den wir in der Vergangenheit verursacht haben.<\/p>\n<p>\t\t\t<a href=\"https:\/\/www.treatwell.de\/orte\/behandlung-gruppe-massage\/angebot-typ-lokal\/in-de\/\" target=\"_blank\" role=\"button\"><br \/>\n\t\t\t\t\t\t\tMassage verschenken<br \/>\n\t\t\t\t\t<\/a><br \/>\n\t\t\t\t<img decoding=\"async\" src=\"https:\/\/www.treatwell.de/inspiration\/wp-content\/uploads\/sites\/7\/2018\/05\/Treatment-module-02-Blow-dry-1.jpg\" alt=\"Treatment module 02 Blow dry (1)\" \/><\/p>\n<p><strong>Haarschnitt<\/strong><\/p>\n<p>F\u00fcr all das Haareraufen, welches wir bisher bei unserer Mama verursacht haben.\u00a0<\/p>\n<p>\t\t\t<a href=\"https:\/\/www.treatwell.de\/orte\/behandlung-gruppe-friseur\/angebot-typ-lokal\/in-de\/\" target=\"_blank\" role=\"button\"><br \/>\n\t\t\t\t\t\t\tHaarschnitt verschenken<br \/>\n\t\t\t\t\t<\/a><br \/>\n\t\t\t\t<img decoding=\"async\" src=\"https:\/\/www.treatwell.de/inspiration\/wp-content\/uploads\/sites\/7\/2018\/05\/Treatment-module-04-Manicure-1.jpg\" alt=\"Treatment module 04 Manicure\" \/><\/p>\n<p><strong>Manik\u00fcre<\/strong><\/p>\n<p>F\u00fcr all die Jahre in denen uns unsere Mama an die Hand genommen hat. <\/p>\n<p>\t\t\t<a href=\"https:\/\/www.treatwell.de\/orte\/behandlung-manikuere\/angebot-typ-lokal\/in-de\/\" target=\"_blank\" role=\"button\"><br \/>\n\t\t\t\t\t\t\tManik\u00fcre verschenken<br \/>\n\t\t\t\t\t<\/a><\/p>\n","protected":false},"excerpt":{"rendered":"<p>&nbsp; Schon an \u00a0 \u00a0 \u00a0 \u00a0 \u00a0 \u00a0deine Mama gedacht? Sie umsorgt uns noch heute und hat immer ein offenes Ohr.\u00a0Zeit ihr daf\u00fcr zu danken und unsere M\u00fctter zu feiern. Verschenke jetzt Beauty-Momente. &nbsp; Geschenkgutschein kaufen Pedik\u00fcre F\u00fcr all die Jahre in denen uns unsere Mama hinterhergerannt ist. Pedik\u00fcre verschenken Massage F\u00fcr all den&hellip;<\/p>\n","protected":false},"author":113,"featured_media":0,"parent":0,"menu_order":0,"comment_status":"closed","ping_status":"closed","template":"","meta":{"inline_featured_image":false,"footnotes":""},"class_list":["post-7243","page","type-page","status-publish","hentry"],"yoast_head":"<!-- This site is optimized with the Yoast SEO plugin v27.5 - https:\/\/yoast.com\/product\/yoast-seo-wordpress\/ -->\n<title>Muttertagsgeschenke - Treatwell DE<\/title>\n<meta name=\"robots\" content=\"index, follow, max-snippet:-1, max-image-preview:large, max-video-preview:-1\" \/>\n<link rel=\"canonical\" href=\"https:\/\/www.treatwell.de/inspiration\/muttertag\/\" \/>\n<meta property=\"og:locale\" content=\"de_DE\" \/>\n<meta property=\"og:type\" content=\"article\" \/>\n<meta property=\"og:title\" content=\"Muttertagsgeschenke - Treatwell DE\" \/>\n<meta property=\"og:description\" content=\"&nbsp; Schon an \u00a0 \u00a0 \u00a0 \u00a0 \u00a0 \u00a0deine Mama gedacht? Sie umsorgt uns noch heute und hat immer ein offenes Ohr.\u00a0Zeit ihr daf\u00fcr zu danken und unsere M\u00fctter zu feiern. Verschenke jetzt Beauty-Momente. &nbsp; Geschenkgutschein kaufen Pedik\u00fcre F\u00fcr all die Jahre in denen uns unsere Mama hinterhergerannt ist. Pedik\u00fcre verschenken Massage F\u00fcr all den&hellip;\" \/>\n<meta property=\"og:url\" content=\"https:\/\/www.treatwell.de/inspiration\/muttertag\/\" \/>\n<meta property=\"og:site_name\" content=\"Treatwell DE\" \/>\n<meta property=\"article:modified_time\" content=\"2018-05-07T15:52:48+00:00\" \/>\n<meta property=\"og:image\" content=\"https:\/\/www.treatwell.de/inspiration\/wp-content\/uploads\/sites\/7\/2018\/05\/Treatment-module-01-Pedicure.jpg\" \/>\n<meta name=\"twitter:card\" content=\"summary_large_image\" \/>\n<meta name=\"twitter:label1\" content=\"Gesch\u00e4tzte Lesezeit\" \/>\n\t<meta name=\"twitter:data1\" content=\"1 Minute\" \/>\n<script type=\"application\/ld+json\" class=\"yoast-schema-graph\">{\"@context\":\"https:\\\/\\\/schema.org\",\"@graph\":[{\"@type\":\"WebPage\",\"@id\":\"https:\\\/\\\/www.treatwell.de/inspiration\\\/muttertag\\\/\",\"url\":\"https:\\\/\\\/www.treatwell.de/inspiration\\\/muttertag\\\/\",\"name\":\"Muttertagsgeschenke - Treatwell DE\",\"isPartOf\":{\"@id\":\"https:\\\/\\\/www.treatwell.de/inspiration\\\/#website\"},\"primaryImageOfPage\":{\"@id\":\"https:\\\/\\\/www.treatwell.de/inspiration\\\/muttertag\\\/#primaryimage\"},\"image\":{\"@id\":\"https:\\\/\\\/www.treatwell.de/inspiration\\\/muttertag\\\/#primaryimage\"},\"thumbnailUrl\":\"https:\\\/\\\/www.treatwell.de/inspiration\\\/wp-content\\\/uploads\\\/sites\\\/7\\\/2018\\\/05\\\/Treatment-module-01-Pedicure.jpg\",\"datePublished\":\"2018-05-03T15:20:26+00:00\",\"dateModified\":\"2018-05-07T15:52:48+00:00\",\"breadcrumb\":{\"@id\":\"https:\\\/\\\/www.treatwell.de/inspiration\\\/muttertag\\\/#breadcrumb\"},\"inLanguage\":\"de-DE\",\"potentialAction\":[{\"@type\":\"ReadAction\",\"target\":[\"https:\\\/\\\/www.treatwell.de/inspiration\\\/muttertag\\\/\"]}]},{\"@type\":\"ImageObject\",\"inLanguage\":\"de-DE\",\"@id\":\"https:\\\/\\\/www.treatwell.de/inspiration\\\/muttertag\\\/#primaryimage\",\"url\":\"https:\\\/\\\/www.treatwell.de/inspiration\\\/wp-content\\\/uploads\\\/sites\\\/7\\\/2018\\\/05\\\/Treatment-module-01-Pedicure.jpg\",\"contentUrl\":\"https:\\\/\\\/www.treatwell.de/inspiration\\\/wp-content\\\/uploads\\\/sites\\\/7\\\/2018\\\/05\\\/Treatment-module-01-Pedicure.jpg\",\"width\":540,\"height\":310},{\"@type\":\"BreadcrumbList\",\"@id\":\"https:\\\/\\\/www.treatwell.de/inspiration\\\/muttertag\\\/#breadcrumb\",\"itemListElement\":[{\"@type\":\"ListItem\",\"position\":1,\"name\":\"Home\",\"item\":\"https:\\\/\\\/www.treatwell.de/inspiration\\\/\"},{\"@type\":\"ListItem\",\"position\":2,\"name\":\"Muttertagsgeschenke\"}]},{\"@type\":\"WebSite\",\"@id\":\"https:\\\/\\\/www.treatwell.de/inspiration\\\/#website\",\"url\":\"https:\\\/\\\/www.treatwell.de/inspiration\\\/\",\"name\":\"Treatwell DE\",\"description\":\"\",\"potentialAction\":[{\"@type\":\"SearchAction\",\"target\":{\"@type\":\"EntryPoint\",\"urlTemplate\":\"https:\\\/\\\/www.treatwell.de/inspiration\\\/?s={search_term_string}\"},\"query-input\":{\"@type\":\"PropertyValueSpecification\",\"valueRequired\":true,\"valueName\":\"search_term_string\"}}],\"inLanguage\":\"de-DE\"}]}<\/script>\n<!-- \/ Yoast SEO plugin. -->","yoast_head_json":{"title":"Muttertagsgeschenke - Treatwell DE","robots":{"index":"index","follow":"follow","max-snippet":"max-snippet:-1","max-image-preview":"max-image-preview:large","max-video-preview":"max-video-preview:-1"},"canonical":"https:\/\/www.treatwell.de/inspiration\/muttertag\/","og_locale":"de_DE","og_type":"article","og_title":"Muttertagsgeschenke - Treatwell DE","og_description":"&nbsp; Schon an \u00a0 \u00a0 \u00a0 \u00a0 \u00a0 \u00a0deine Mama gedacht? Sie umsorgt uns noch heute und hat immer ein offenes Ohr.\u00a0Zeit ihr daf\u00fcr zu danken und unsere M\u00fctter zu feiern. Verschenke jetzt Beauty-Momente. &nbsp; Geschenkgutschein kaufen Pedik\u00fcre F\u00fcr all die Jahre in denen uns unsere Mama hinterhergerannt ist. Pedik\u00fcre verschenken Massage F\u00fcr all den&hellip;","og_url":"https:\/\/www.treatwell.de/inspiration\/muttertag\/","og_site_name":"Treatwell DE","article_modified_time":"2018-05-07T15:52:48+00:00","og_image":[{"url":"https:\/\/www.treatwell.de/inspiration\/wp-content\/uploads\/sites\/7\/2018\/05\/Treatment-module-01-Pedicure.jpg","type":"","width":"","height":""}],"twitter_card":"summary_large_image","twitter_misc":{"Gesch\u00e4tzte Lesezeit":"1 Minute"},"schema":{"@context":"https:\/\/schema.org","@graph":[{"@type":"WebPage","@id":"https:\/\/www.treatwell.de/inspiration\/muttertag\/","url":"https:\/\/www.treatwell.de/inspiration\/muttertag\/","name":"Muttertagsgeschenke - Treatwell DE","isPartOf":{"@id":"https:\/\/www.treatwell.de/inspiration\/#website"},"primaryImageOfPage":{"@id":"https:\/\/www.treatwell.de/inspiration\/muttertag\/#primaryimage"},"image":{"@id":"https:\/\/www.treatwell.de/inspiration\/muttertag\/#primaryimage"},"thumbnailUrl":"https:\/\/www.treatwell.de/inspiration\/wp-content\/uploads\/sites\/7\/2018\/05\/Treatment-module-01-Pedicure.jpg","datePublished":"2018-05-03T15:20:26+00:00","dateModified":"2018-05-07T15:52:48+00:00","breadcrumb":{"@id":"https:\/\/www.treatwell.de/inspiration\/muttertag\/#breadcrumb"},"inLanguage":"de-DE","potentialAction":[{"@type":"ReadAction","target":["https:\/\/www.treatwell.de/inspiration\/muttertag\/"]}]},{"@type":"ImageObject","inLanguage":"de-DE","@id":"https:\/\/www.treatwell.de/inspiration\/muttertag\/#primaryimage","url":"https:\/\/www.treatwell.de/inspiration\/wp-content\/uploads\/sites\/7\/2018\/05\/Treatment-module-01-Pedicure.jpg","contentUrl":"https:\/\/www.treatwell.de/inspiration\/wp-content\/uploads\/sites\/7\/2018\/05\/Treatment-module-01-Pedicure.jpg","width":540,"height":310},{"@type":"BreadcrumbList","@id":"https:\/\/www.treatwell.de/inspiration\/muttertag\/#breadcrumb","itemListElement":[{"@type":"ListItem","position":1,"name":"Home","item":"https:\/\/www.treatwell.de/inspiration\/"},{"@type":"ListItem","position":2,"name":"Muttertagsgeschenke"}]},{"@type":"WebSite","@id":"https:\/\/www.treatwell.de/inspiration\/#website","url":"https:\/\/www.treatwell.de/inspiration\/","name":"Treatwell DE","description":"","potentialAction":[{"@type":"SearchAction","target":{"@type":"EntryPoint","urlTemplate":"https:\/\/www.treatwell.de/inspiration\/?s={search_term_string}"},"query-input":{"@type":"PropertyValueSpecification","valueRequired":true,"valueName":"search_term_string"}}],"inLanguage":"de-DE"}]}},"_links":{"self":[{"href":"https:\/\/www.treatwell.de\/inspiration\/wp-json\/wp\/v2\/pages\/7243","targetHints":{"allow":["GET"]}}],"collection":[{"href":"https:\/\/www.treatwell.de\/inspiration\/wp-json\/wp\/v2\/pages"}],"about":[{"href":"https:\/\/www.treatwell.de\/inspiration\/wp-json\/wp\/v2\/types\/page"}],"author":[{"embeddable":true,"href":"https:\/\/www.treatwell.de\/inspiration\/wp-json\/wp\/v2\/users\/113"}],"replies":[{"embeddable":true,"href":"https:\/\/www.treatwell.de\/inspiration\/wp-json\/wp\/v2\/comments?post=7243"}],"version-history":[{"count":0,"href":"https:\/\/www.treatwell.de\/inspiration\/wp-json\/wp\/v2\/pages\/7243\/revisions"}],"wp:attachment":[{"href":"https:\/\/www.treatwell.de\/inspiration\/wp-json\/wp\/v2\/media?parent=7243"}],"curies":[{"name":"wp","href":"https:\/\/api.w.org\/{rel}","templated":true}]}}