{"id":7227,"date":"2018-05-01T14:09:53","date_gmt":"2018-05-01T14:09:53","guid":{"rendered":"https:\/\/www.treatwell.de\/inspiration\/?page_id=7227"},"modified":"2018-05-17T08:43:58","modified_gmt":"2018-05-17T08:43:58","slug":"hochzeit","status":"publish","type":"page","link":"https:\/\/www.treatwell.de/inspiration\/hochzeit\/","title":{"rendered":"Hochzeits-Beauty"},"content":{"rendered":"<p><strong>Ja,<\/strong><\/p>\n<p><strong>wir wollen&#8230;<\/strong><\/p>\n<p>Beauty f\u00fcr G\u00e4ste, Braut und Br\u00e4utigam <\/p>\n<p><strong>Ja,<\/strong><\/p>\n<p><strong>wir wollen&#8230;<\/strong><\/p>\n<p>Beauty f\u00fcr G\u00e4ste, Braut und Br\u00e4utigam<\/p>\n<p style=\"text-align: center\"><strong>Braut<\/strong><\/p>\n<p><strong>Braut<\/strong><\/p>\n<p><strong>Hochzeitsfrisur<\/strong><\/p>\n<p><strong>\u00a0 \u00a0 \u00a0 \u00a0 2.0<\/strong><\/p>\n<p style=\"text-align: left\">Du tr\u00e4gst dein Haar meistens offen? Willst aber eine Hochsteckfrisur f\u00fcr den besonderen Tag? Finde was wirklich zu dir passt.<\/p>\n<p><a style=\"text-align: left;color: #d6cf8d\" href=\"https:\/\/www.treatwell.de\/orte\/behandlung-flechtfrisuren,hochsteckfrisuren,hochzeitsfrisuren,styling-foehnen\/angebot-typ-lokal\/in-de\/?mkt_params=GC~wedding18_LC~hochzeit18_PM~LP-slot_CM~updo\">Buche deine Frisur \u203a<\/a><\/p>\n<p>\t\t\t<a href=\"https:\/\/www.treatwell.de\/treatment-files\/beauty-board-scheu-dich-nicht-vor-einem-halbfertigen-look-am-grossen-tag\/?mkt_params=GC~wedding18_LC~hochzeit18_PM~LP-slot_CM~updo\" target=\"_self\" role=\"button\"><br \/>\n\t\t\t\t\t\t\tLass dich inspirieren<br \/>\n\t\t\t\t\t<\/a><br \/>\n\t\t\t\t<img decoding=\"async\" src=\"https:\/\/en-gb.twinspiration.wpengine.treatwell.com\/wp-content\/uploads\/sites\/9\/2018\/03\/Landingpage_WeddingPrep_MP_v02_07-1.jpg\" alt=\"Landingpage_WeddingPrep_MP_v02_07\" \/><br \/>\n\t\t\t\t<img decoding=\"async\" src=\"https:\/\/en-gb.twinspiration.wpengine.treatwell.com\/wp-content\/uploads\/sites\/9\/2018\/03\/Landingpage_WeddingPrep_MP_v02_11-2.jpg\" alt=\"Landingpage_WeddingPrep_MP_v02_11\" \/><\/p>\n<p><strong>Haut<\/strong><\/p>\n<p><strong>zeigen<\/strong><\/p>\n<p style=\"text-align: left\">Ein strahlender Teint sagt mehr als 1000 Worte.<\/p>\n<p><a style=\"text-align: left;color: #ff808b\" href=\"https:\/\/www.treatwell.de\/treatment-files\/so-verhinderst-problemhaut-an-deinem-grossen-tag\/?mkt_params=GC~wedding18_LC~hochzeit18_PM~LP-slot_CM~bride%20skin\">Tipps und Tricks f\u00fcr deine Haut \u203a<\/a><\/p>\n<p>\t\t\t<a href=\"https:\/\/www.treatwell.de\/orte\/behandlung-gruppe-gesicht\/angebot-typ-lokal\/in-de\/?mkt_params=GC~wedding18_LC~hochzeit18_PM~LP-slot_CM~bride%20skin\" target=\"_self\" role=\"button\"><br \/>\n\t\t\t\t\t\t\tBuche einen Kosmetiktermin<br \/>\n\t\t\t\t\t<\/a><br \/>\n\t\t\t\t<img decoding=\"async\" src=\"https:\/\/en-gb.twinspiration.wpengine.treatwell.com\/wp-content\/uploads\/sites\/9\/2018\/03\/Landingpage_WeddingPrep_MP_v02_14.gif\" alt=\"Landingpage_WeddingPrep_MP_v02_14\" \/><\/p>\n<p><strong>Party<\/strong><\/p>\n<p><strong>f\u00fcr zehn<\/strong><\/p>\n<p style=\"text-align: left\">Zur\u00fcckhaltung war gestern. Ein knalliger Look auf deinen N\u00e4geln bringt die Party in Schwung.<\/p>\n<p><a style=\"text-align: left;color: #d6cf8d\" href=\"https:\/\/www.treatwell.de\/treatment-files\/beauty-board-unkonventionelle-hochzeitsnaegel\/?mkt_params=GC~wedding18_LC~hochzeit18_PM~LP-slot_CM~bride%20nails\">Entdecke die neusten Trends \u203a<\/a><\/p>\n<p>\t\t\t<a href=\"https:\/\/www.treatwell.de\/orte\/behandlung-manikuere\/angebot-typ-lokal\/in-de\/?mkt_params=GC~wedding18_LC~hochzeit18_PM~LP-slot_CM~bride%20nails\" target=\"_self\" role=\"button\"><br \/>\n\t\t\t\t\t\t\tBuche deine Manik\u00fcre<br \/>\n\t\t\t\t\t<\/a><br \/>\n\t\t\t\t<img decoding=\"async\" src=\"https:\/\/en-gb.twinspiration.wpengine.treatwell.com\/wp-content\/uploads\/sites\/9\/2018\/03\/Landingpage_WeddingPrep_MP_v02_18.jpg\" alt=\"Landingpage_WeddingPrep_MP_v02_18\" \/><\/p>\n<p><strong>G\u00e4ste<\/strong><\/p>\n<p>\t\t\t\t<img decoding=\"async\" src=\"https:\/\/en-gb.twinspiration.wpengine.treatwell.com\/wp-content\/uploads\/sites\/9\/2018\/03\/Landingpage_WeddingPrep_MP_v02_26.jpg\" alt=\"Landingpage_WeddingPrep_MP_v02_26\" \/><\/p>\n<p><strong>Du tanzt auf<\/strong><\/p>\n<p><strong>vielen Hochzeiten?<\/strong><\/p>\n<p> Lass dein Bankkonto nicht darunter leiden. \u00c4ndere deine Frisur und N\u00e4gel und nicht das Kleid. <\/p>\n<p><a style=\"color: #ffffff\" href=\"https:\/\/www.treatwell.de\/treatment-files\/4-hochzeiten-und-ein-kleid-so-kannst-du-dein-hochzeitsoutfit-recyceln-ohne-dass-jemand-davon-wind-bekommt\/?mkt_params=GC~wedding18_LC~hochzeit18_PM~LP-slot_CM~budget\">Lass dich inspirieren<\/a>\u00a0 &gt;<\/p>\n<p>\t\t\t<a href=\"https:\/\/www.treatwell.de\/orte\/angebot-typ-lokal\/rabatte-flexibel\/in-de\/ordnen-rabatt-absteigend\/?mkt_params=GC~wedding18_LC~hochzeit18_PM~LP-slot_CM~budget\" target=\"_self\" role=\"button\"><br \/>\n\t\t\t\t\t\t\tBis zu 50% auf Beauty Behandlungen<br \/>\n\t\t\t\t\t<\/a><br \/>\n\t\t\t\t<img decoding=\"async\" src=\"https:\/\/en-gb.twinspiration.wpengine.treatwell.com\/wp-content\/uploads\/sites\/9\/2018\/03\/Landingpage_WeddingPrep_MP_v02_22.jpg\" alt=\"Landingpage_WeddingPrep_MP_v02_22\" \/><br \/>\n\t\t\t\t<img decoding=\"async\" src=\"https:\/\/en-gb.twinspiration.wpengine.treatwell.com\/wp-content\/uploads\/sites\/9\/2018\/03\/Landingpage_WeddingPrep_MP_v02_30.jpg\" alt=\"Landingpage_WeddingPrep_MP_v02_30\" \/><\/p>\n<p><strong>So ein<\/strong><\/p>\n<p><strong>frischer Teint<\/strong><\/p>\n<p style=\"text-align: left\">Lass deine Haut strahlen. Diese Beauty Behandlungen helfen dir dabei.<\/p>\n<p><a style=\"text-align: left;color: #ff808b\" href=\"https:\/\/www.treatwell.de\/treatment-files\/brautjungfern-1x1-wie-du-deinen-braut-look-am-grossen-tag-toppen-kannst\/?mkt_params=GC~wedding18_LC~hochzeit18_PM~LP-slot_CM~skin%20guest\">Entdecke frische Looks f\u00fcr deine Haut \u203a<\/a><\/p>\n<p>\t\t\t<a href=\"https:\/\/www.treatwell.de\/orte\/behandlung-gesichtsbehandlungen\/angebot-typ-lokal\/in-de\/?mkt_params=GC~wedding18_LC~hochzeit18_PM~LP-slot_CM~guest%20skin\" target=\"_self\" role=\"button\"><br \/>\n\t\t\t\t\t\t\tEntdecke mehr<br \/>\n\t\t\t\t\t<\/a><\/p>\n<p><strong>Haare die<\/strong><\/p>\n<p><strong>du lieben wirst<\/strong><\/p>\n<p style=\"text-align: left\">Du willst es lieber nat\u00fcrlich? Wir auch. Dein Guide f\u00fcr unkomplizierte, aber gro\u00dfartige Hochzeitsfrisuren.<\/p>\n<p><a style=\"text-align: left;color: #d6cf8d\" href=\"https:\/\/www.treatwell.de\/treatment-files\/beauty-board-diese-frisuren-koennen-deine-brautjungfern-nicht-hassen\/\">Entdecke die Looks\u00a0\u203a<\/a><\/p>\n<p>\t\t\t<a href=\"https:\/\/www.treatwell.de\/orte\/behandlung-flechtfrisuren,hochsteckfrisuren,hochzeitsfrisuren,styling-foehnen\/angebot-typ-lokal\/in-de\/?mkt_params=GC~wedding18_LC~hochzeit18_PM~LP-slot_CM~hair%20guest\" target=\"_self\" role=\"button\"><br \/>\n\t\t\t\t\t\t\tBuche deine Frisur<br \/>\n\t\t\t\t\t<\/a><br \/>\n\t\t\t\t<img decoding=\"async\" src=\"https:\/\/en-gb.twinspiration.wpengine.treatwell.com\/wp-content\/uploads\/sites\/9\/2018\/03\/Landingpage_WeddingPrep_MP_v02_34-1.jpg\" alt=\"Landingpage_WeddingPrep_MP_v02_34\" \/><br \/>\n\t\t\t\t<img decoding=\"async\" src=\"https:\/\/en-gb.twinspiration.wpengine.treatwell.com\/wp-content\/uploads\/sites\/9\/2018\/03\/Landingpage_WeddingPrep_MP_v02_36-1.jpg\" alt=\"Landingpage_WeddingPrep_MP_v02_36\" \/><br \/>\n\t\t\t\t<img decoding=\"async\" src=\"https:\/\/en-gb.twinspiration.wpengine.treatwell.com\/wp-content\/uploads\/sites\/9\/2018\/03\/Landingpage_WeddingPrep_MP_v02_39b.jpg\" alt=\"Landingpage_WeddingPrep_MP_v02_39b\" \/><\/p>\n<p><strong>Deine<\/strong><\/p>\n<p><strong>Hochzeit.<\/strong><\/p>\n<p><strong>Deine<\/strong><\/p>\n<p><strong>\u00a0Regeln.<\/strong><\/p>\n<p style=\"text-align: left\">Du w\u00e4hlst einen Look. Wir organisieren.<\/p>\n<p><strong>Br\u00e4utigam<\/strong><\/p>\n<p><strong>Die Man(n)ik\u00fcre<\/strong><\/p>\n<p style=\"text-align: left\">Es ist deine Erste? Wenn nicht jetzt, wann dann?<\/p>\n<p><a style=\"text-align: left;color: #ff808b\" href=\"https:\/\/www.treatwell.de\/treatment-files\/weil-jeder-braeutigam-ja-zur-manikuere-sagen-sollte\/?mkt_params=GC~wedding18_LC~hochzeit18_PM~LP-slot_CM~men%20nails\">Unser Guide f\u00fcr M\u00e4nnern\u00e4gel \u203a<\/a><\/p>\n<p>\t\t\t<a href=\"https:\/\/www.treatwell.de\/orte\/behandlung-manikuere\/angebot-typ-lokal\/in-de\/?mkt_params=GC~wedding18_LC~hochzeit18_PM~LP-slot_CM~men%20nails\" target=\"_self\" role=\"button\"><br \/>\n\t\t\t\t\t\t\tBuche eine Manik\u00fcre<br \/>\n\t\t\t\t\t<\/a><br \/>\n\t\t\t\t<img decoding=\"async\" src=\"https:\/\/en-gb.twinspiration.wpengine.treatwell.com\/wp-content\/uploads\/sites\/9\/2018\/03\/Landingpage_WeddingPrep_MP_v02_43b.jpg\" alt=\"Landingpage_WeddingPrep_MP_v02_43b\" \/><br \/>\n\t\t\t\t<img decoding=\"async\" src=\"https:\/\/en-gb.twinspiration.wpengine.treatwell.com\/wp-content\/uploads\/sites\/9\/2018\/03\/Landingpage_WeddingPrep_MP_v02_46.jpg\" alt=\"Landingpage_WeddingPrep_MP_v02_46\" \/><\/p>\n<p><strong>Dein Anzug verdient<\/strong><\/p>\n<p><strong>einen frischen Schnitt<\/strong><\/p>\n<p style=\"text-align: left\">Mach dich bereit f\u00fcr den gro\u00dfen Tag und gib deinen Haaren ein Makeover.<\/p>\n<p><a style=\"text-align: left;color: #d6cf8d\" href=\"https:\/\/www.treatwell.de\/treatment-files\/bartpflege-so-trimmst-du-deinen-bart-fuer-den-grossen-tag\/?mkt_params=GC~wedding18_LC~hochzeit18_PM~LP-slot_CM~mens%20hair\">Guide f\u00fcr Bartpflege \u203a<\/a><\/p>\n<p>\t\t\t<a href=\"https:\/\/www.treatwell.de\/orte\/behandlung-maennerhaarschnitte\/angebot-typ-lokal\/rabatte-flexibel\/in-de\/?mkt_params=GC~wedding18_LC~hochzeit18_PM~LP-slot_CM~mens%20hair\" target=\"_self\" role=\"button\"><br \/>\n\t\t\t\t\t\t\tBis zu 40% Rabatt auf M\u00e4nnerhaarschnitte<br \/>\n\t\t\t\t\t<\/a><br \/>\n\t\t\t\t<img decoding=\"async\" src=\"https:\/\/en-gb.twinspiration.wpengine.treatwell.com\/wp-content\/uploads\/sites\/9\/2018\/03\/Landingpage_WeddingPrep_MP_v02_49.gif\" alt=\"Landingpage_WeddingPrep_MP_v02_49\" \/><br \/>\n\t\t\t<a href=\"#g\u00e4ste\" target=\"_self\" role=\"button\"><br \/>\n\t\t\t\t\t\t\tDont delete &#8211; Hidden Button<br \/>\n\t\t\t\t\t<\/a><br \/>\n\t\t\t<a href=\"#br\u00e4utigam\" target=\"_self\" role=\"button\"><br \/>\n\t\t\t\t\t\t\tDont delete &#8211; Hidden Button<br \/>\n\t\t\t\t\t<\/a><\/p>\n","protected":false},"excerpt":{"rendered":"<p>Ja, wir wollen&#8230; Beauty f\u00fcr G\u00e4ste, Braut und Br\u00e4utigam Ja, wir wollen&#8230; Beauty f\u00fcr G\u00e4ste, Braut und Br\u00e4utigam Braut Braut Hochzeitsfrisur \u00a0 \u00a0 \u00a0 \u00a0 2.0 Du tr\u00e4gst dein Haar meistens offen? Willst aber eine Hochsteckfrisur f\u00fcr den besonderen Tag? Finde was wirklich zu dir passt. Buche deine Frisur \u203a Lass dich inspirieren Haut zeigen&hellip;<\/p>\n","protected":false},"author":117,"featured_media":7290,"parent":0,"menu_order":0,"comment_status":"closed","ping_status":"closed","template":"","meta":{"inline_featured_image":false,"footnotes":""},"class_list":["post-7227","page","type-page","status-publish","has-post-thumbnail","hentry"],"yoast_head":"<!-- This site is optimized with the Yoast SEO plugin v27.4 - https:\/\/yoast.com\/product\/yoast-seo-wordpress\/ -->\n<title>Beauty f\u00fcr G\u00e4ste, Braut und Br\u00e4utigam | Treatwelll.de<\/title>\n<meta name=\"description\" content=\"Ja, wir wollen... Beauty f\u00fcr G\u00e4ste, Braut und Br\u00e4utigam. Wohlf\u00fchlen egal ob schick oder l\u00e4ssig. Einfach sch\u00f6ner buchen f\u00fcr den gro\u00dfen Tag auf Treatwell.de\" \/>\n<meta name=\"robots\" content=\"index, follow, max-snippet:-1, max-image-preview:large, max-video-preview:-1\" \/>\n<link rel=\"canonical\" href=\"https:\/\/www.treatwell.de/inspiration\/hochzeit\/\" \/>\n<meta property=\"og:locale\" content=\"de_DE\" \/>\n<meta property=\"og:type\" content=\"article\" \/>\n<meta property=\"og:title\" content=\"Beauty f\u00fcr G\u00e4ste, Braut und Br\u00e4utigam | Treatwelll.de\" \/>\n<meta property=\"og:description\" content=\"Ja, wir wollen... Beauty f\u00fcr G\u00e4ste, Braut und Br\u00e4utigam. Wohlf\u00fchlen egal ob schick oder l\u00e4ssig. Einfach sch\u00f6ner buchen f\u00fcr den gro\u00dfen Tag auf Treatwell.de\" \/>\n<meta property=\"og:url\" content=\"https:\/\/www.treatwell.de/inspiration\/hochzeit\/\" \/>\n<meta property=\"og:site_name\" content=\"Treatwell DE\" \/>\n<meta property=\"article:modified_time\" content=\"2018-05-17T08:43:58+00:00\" \/>\n<meta property=\"og:image\" content=\"https:\/\/www.treatwell.de/inspiration\/wp-content\/uploads\/sites\/7\/2018\/05\/TW_Wedding-campaign_Social-Posts_1000x1000_03.jpg\" \/>\n\t<meta property=\"og:image:width\" content=\"1000\" \/>\n\t<meta property=\"og:image:height\" content=\"1000\" \/>\n\t<meta property=\"og:image:type\" content=\"image\/jpeg\" \/>\n<meta name=\"twitter:card\" content=\"summary_large_image\" \/>\n<meta name=\"twitter:label1\" content=\"Gesch\u00e4tzte Lesezeit\" \/>\n\t<meta name=\"twitter:data1\" content=\"1 Minute\" \/>\n<script type=\"application\/ld+json\" class=\"yoast-schema-graph\">{\"@context\":\"https:\\\/\\\/schema.org\",\"@graph\":[{\"@type\":\"WebPage\",\"@id\":\"https:\\\/\\\/www.treatwell.de/inspiration\\\/hochzeit\\\/\",\"url\":\"https:\\\/\\\/www.treatwell.de/inspiration\\\/hochzeit\\\/\",\"name\":\"Beauty f\u00fcr G\u00e4ste, Braut und Br\u00e4utigam | Treatwelll.de\",\"isPartOf\":{\"@id\":\"https:\\\/\\\/www.treatwell.de/inspiration\\\/#website\"},\"primaryImageOfPage\":{\"@id\":\"https:\\\/\\\/www.treatwell.de/inspiration\\\/hochzeit\\\/#primaryimage\"},\"image\":{\"@id\":\"https:\\\/\\\/www.treatwell.de/inspiration\\\/hochzeit\\\/#primaryimage\"},\"thumbnailUrl\":\"https:\\\/\\\/www.treatwell.de/inspiration\\\/wp-content\\\/uploads\\\/sites\\\/7\\\/2018\\\/05\\\/TW_Wedding-campaign_Social-Posts_1000x1000_03.jpg\",\"datePublished\":\"2018-05-01T14:09:53+00:00\",\"dateModified\":\"2018-05-17T08:43:58+00:00\",\"description\":\"Ja, wir wollen... Beauty f\u00fcr G\u00e4ste, Braut und Br\u00e4utigam. Wohlf\u00fchlen egal ob schick oder l\u00e4ssig. Einfach sch\u00f6ner buchen f\u00fcr den gro\u00dfen Tag auf Treatwell.de\",\"breadcrumb\":{\"@id\":\"https:\\\/\\\/www.treatwell.de/inspiration\\\/hochzeit\\\/#breadcrumb\"},\"inLanguage\":\"de-DE\",\"potentialAction\":[{\"@type\":\"ReadAction\",\"target\":[\"https:\\\/\\\/www.treatwell.de/inspiration\\\/hochzeit\\\/\"]}]},{\"@type\":\"ImageObject\",\"inLanguage\":\"de-DE\",\"@id\":\"https:\\\/\\\/www.treatwell.de/inspiration\\\/hochzeit\\\/#primaryimage\",\"url\":\"https:\\\/\\\/www.treatwell.de/inspiration\\\/wp-content\\\/uploads\\\/sites\\\/7\\\/2018\\\/05\\\/TW_Wedding-campaign_Social-Posts_1000x1000_03.jpg\",\"contentUrl\":\"https:\\\/\\\/www.treatwell.de/inspiration\\\/wp-content\\\/uploads\\\/sites\\\/7\\\/2018\\\/05\\\/TW_Wedding-campaign_Social-Posts_1000x1000_03.jpg\",\"width\":1000,\"height\":1000},{\"@type\":\"BreadcrumbList\",\"@id\":\"https:\\\/\\\/www.treatwell.de/inspiration\\\/hochzeit\\\/#breadcrumb\",\"itemListElement\":[{\"@type\":\"ListItem\",\"position\":1,\"name\":\"Home\",\"item\":\"https:\\\/\\\/www.treatwell.de/inspiration\\\/\"},{\"@type\":\"ListItem\",\"position\":2,\"name\":\"Hochzeits-Beauty\"}]},{\"@type\":\"WebSite\",\"@id\":\"https:\\\/\\\/www.treatwell.de/inspiration\\\/#website\",\"url\":\"https:\\\/\\\/www.treatwell.de/inspiration\\\/\",\"name\":\"Treatwell DE\",\"description\":\"\",\"potentialAction\":[{\"@type\":\"SearchAction\",\"target\":{\"@type\":\"EntryPoint\",\"urlTemplate\":\"https:\\\/\\\/www.treatwell.de/inspiration\\\/?s={search_term_string}\"},\"query-input\":{\"@type\":\"PropertyValueSpecification\",\"valueRequired\":true,\"valueName\":\"search_term_string\"}}],\"inLanguage\":\"de-DE\"}]}<\/script>\n<!-- \/ Yoast SEO plugin. -->","yoast_head_json":{"title":"Beauty f\u00fcr G\u00e4ste, Braut und Br\u00e4utigam | Treatwelll.de","description":"Ja, wir wollen... Beauty f\u00fcr G\u00e4ste, Braut und Br\u00e4utigam. Wohlf\u00fchlen egal ob schick oder l\u00e4ssig. Einfach sch\u00f6ner buchen f\u00fcr den gro\u00dfen Tag auf Treatwell.de","robots":{"index":"index","follow":"follow","max-snippet":"max-snippet:-1","max-image-preview":"max-image-preview:large","max-video-preview":"max-video-preview:-1"},"canonical":"https:\/\/www.treatwell.de/inspiration\/hochzeit\/","og_locale":"de_DE","og_type":"article","og_title":"Beauty f\u00fcr G\u00e4ste, Braut und Br\u00e4utigam | Treatwelll.de","og_description":"Ja, wir wollen... Beauty f\u00fcr G\u00e4ste, Braut und Br\u00e4utigam. Wohlf\u00fchlen egal ob schick oder l\u00e4ssig. Einfach sch\u00f6ner buchen f\u00fcr den gro\u00dfen Tag auf Treatwell.de","og_url":"https:\/\/www.treatwell.de/inspiration\/hochzeit\/","og_site_name":"Treatwell DE","article_modified_time":"2018-05-17T08:43:58+00:00","og_image":[{"width":1000,"height":1000,"url":"https:\/\/www.treatwell.de/inspiration\/wp-content\/uploads\/sites\/7\/2018\/05\/TW_Wedding-campaign_Social-Posts_1000x1000_03.jpg","type":"image\/jpeg"}],"twitter_card":"summary_large_image","twitter_misc":{"Gesch\u00e4tzte Lesezeit":"1 Minute"},"schema":{"@context":"https:\/\/schema.org","@graph":[{"@type":"WebPage","@id":"https:\/\/www.treatwell.de/inspiration\/hochzeit\/","url":"https:\/\/www.treatwell.de/inspiration\/hochzeit\/","name":"Beauty f\u00fcr G\u00e4ste, Braut und Br\u00e4utigam | Treatwelll.de","isPartOf":{"@id":"https:\/\/www.treatwell.de/inspiration\/#website"},"primaryImageOfPage":{"@id":"https:\/\/www.treatwell.de/inspiration\/hochzeit\/#primaryimage"},"image":{"@id":"https:\/\/www.treatwell.de/inspiration\/hochzeit\/#primaryimage"},"thumbnailUrl":"https:\/\/www.treatwell.de/inspiration\/wp-content\/uploads\/sites\/7\/2018\/05\/TW_Wedding-campaign_Social-Posts_1000x1000_03.jpg","datePublished":"2018-05-01T14:09:53+00:00","dateModified":"2018-05-17T08:43:58+00:00","description":"Ja, wir wollen... Beauty f\u00fcr G\u00e4ste, Braut und Br\u00e4utigam. Wohlf\u00fchlen egal ob schick oder l\u00e4ssig. Einfach sch\u00f6ner buchen f\u00fcr den gro\u00dfen Tag auf Treatwell.de","breadcrumb":{"@id":"https:\/\/www.treatwell.de/inspiration\/hochzeit\/#breadcrumb"},"inLanguage":"de-DE","potentialAction":[{"@type":"ReadAction","target":["https:\/\/www.treatwell.de/inspiration\/hochzeit\/"]}]},{"@type":"ImageObject","inLanguage":"de-DE","@id":"https:\/\/www.treatwell.de/inspiration\/hochzeit\/#primaryimage","url":"https:\/\/www.treatwell.de/inspiration\/wp-content\/uploads\/sites\/7\/2018\/05\/TW_Wedding-campaign_Social-Posts_1000x1000_03.jpg","contentUrl":"https:\/\/www.treatwell.de/inspiration\/wp-content\/uploads\/sites\/7\/2018\/05\/TW_Wedding-campaign_Social-Posts_1000x1000_03.jpg","width":1000,"height":1000},{"@type":"BreadcrumbList","@id":"https:\/\/www.treatwell.de/inspiration\/hochzeit\/#breadcrumb","itemListElement":[{"@type":"ListItem","position":1,"name":"Home","item":"https:\/\/www.treatwell.de/inspiration\/"},{"@type":"ListItem","position":2,"name":"Hochzeits-Beauty"}]},{"@type":"WebSite","@id":"https:\/\/www.treatwell.de/inspiration\/#website","url":"https:\/\/www.treatwell.de/inspiration\/","name":"Treatwell DE","description":"","potentialAction":[{"@type":"SearchAction","target":{"@type":"EntryPoint","urlTemplate":"https:\/\/www.treatwell.de/inspiration\/?s={search_term_string}"},"query-input":{"@type":"PropertyValueSpecification","valueRequired":true,"valueName":"search_term_string"}}],"inLanguage":"de-DE"}]}},"_links":{"self":[{"href":"https:\/\/www.treatwell.de\/inspiration\/wp-json\/wp\/v2\/pages\/7227","targetHints":{"allow":["GET"]}}],"collection":[{"href":"https:\/\/www.treatwell.de\/inspiration\/wp-json\/wp\/v2\/pages"}],"about":[{"href":"https:\/\/www.treatwell.de\/inspiration\/wp-json\/wp\/v2\/types\/page"}],"author":[{"embeddable":true,"href":"https:\/\/www.treatwell.de\/inspiration\/wp-json\/wp\/v2\/users\/117"}],"replies":[{"embeddable":true,"href":"https:\/\/www.treatwell.de\/inspiration\/wp-json\/wp\/v2\/comments?post=7227"}],"version-history":[{"count":0,"href":"https:\/\/www.treatwell.de\/inspiration\/wp-json\/wp\/v2\/pages\/7227\/revisions"}],"wp:featuredmedia":[{"embeddable":true,"href":"https:\/\/www.treatwell.de\/inspiration\/wp-json\/wp\/v2\/media\/7290"}],"wp:attachment":[{"href":"https:\/\/www.treatwell.de\/inspiration\/wp-json\/wp\/v2\/media?parent=7227"}],"curies":[{"name":"wp","href":"https:\/\/api.w.org\/{rel}","templated":true}]}}