{"id":6472,"date":"2018-01-18T15:38:59","date_gmt":"2018-01-18T15:38:59","guid":{"rendered":"https:\/\/www.treatwell.de\/inspiration\/?page_id=6472"},"modified":"2018-01-19T13:21:50","modified_gmt":"2018-01-19T13:21:50","slug":"valentinstags-gewinnspiel-teilnahmebedingungen","status":"publish","type":"page","link":"https:\/\/www.treatwell.de/inspiration\/valentinstags-gewinnspiel-teilnahmebedingungen\/","title":{"rendered":"Valentinstags Gewinnspiel Teilnahmebedingungen"},"content":{"rendered":"<h1><b>Teilnahmebedingungen<\/b><\/h1>\n<p>&nbsp;<\/p>\n<ul>\n<li style=\"font-weight: 400\"><b>Veranstalter<\/b><\/li>\n<\/ul>\n<p>Das Gewinnspiel wird durchgef\u00fchrt von:<\/p>\n<p>Treatwell DACH GmbH, Greifswalder Str. 212, 10405 Berlin<\/p>\n<ul>\n<li style=\"font-weight: 400\"><b>Teilnehmer<\/b><\/li>\n<\/ul>\n<p>Alle Personen, die <\/p>\n<ul>\n<li style=\"font-weight: 400\">den Facebook-Beitrag (<a href=\"http:\/\/facebook.com\/treatwellde\/videos\/1305807072858127\/\">facebook.com\/treatwellde\/videos\/1305807072858127\/<\/a>) mit \u201cLove\u201d gelikt und kommentiert (inkl. eine andere Person taggen) haben<\/li>\n<\/ul>\n<p>oder<\/p>\n<ul>\n<li style=\"font-weight: 400\">den Instagram-Beitrag (https:\/\/www.instagram.com\/p\/BeICsqMjJxo\/?taken-by=treatwellde) gelikt und kommentiert (inkl. eine andere Person taggen) haben,<\/li>\n<\/ul>\n<p>nehmen an der Verlosung teil. Teilnahmeberechtigt sind vollj\u00e4hrige Personen.<\/p>\n<p>Mitarbeiter der Treatwell DACH GmbH, Greifswalder Str. 212, 10405 Berlin, Deutschland, sowie damit verbundene Unternehmen, Kooperationspartner und deren Angeh\u00f6rige sind von der Teilnahme ausgeschlossen.<\/p>\n<ul>\n<li style=\"font-weight: 400\"><b>Teilnahme<\/b><\/li>\n<\/ul>\n<p>Das Gewinnspiel beginnt am Tag, 19.01.2018 und endet am Tag, 26.01.2018 um 23:59 Uhr.<\/p>\n<p>Unter allen Teilnehmern des Gewinnspiels werden folgende Preise verlost:<\/p>\n<ul>\n<li style=\"font-weight: 400\">1 x Valentinstags-Date f\u00fcr 2 Personen inkl:\n<ul>\n<li style=\"font-weight: 400\">Styling f\u00fcr 2 Personen bei Said Rubaii am 14.02.2018 zwischen 17-19 Uhr im Wert von 150 \u20ac<\/li>\n<li style=\"font-weight: 400\">Eintritt, Reservierung und Gutschein im Wert von 100\u20ac f\u00fcr Essen &amp; Getr\u00e4nke f\u00fcr 2 Personen im Restaurant Sphere auf dem Berliner Fernsehturm (Reservierung) 20-22 Uhr<\/li>\n<li style=\"font-weight: 400\">\u00dcbernachtung f\u00fcr 2 Personen, 1 Premium Plus Zimmer in einem zentral gelegenen 4-Sterne Hotel in Berlin<\/li>\n<\/ul>\n<\/li>\n<\/ul>\n<p>Der Gewinn sind ausschlie\u00dflich einl\u00f6sbar am 14.02.2018 und kann nicht mit anderen Gutscheinen kombiniert werden. <\/p>\n<p>&nbsp;<\/p>\n<ul>\n<li style=\"font-weight: 400\"><b>Gewinnermittlung und Benachrichtigung<\/b><\/li>\n<\/ul>\n<p>Eine Barauszahlung des Gewinns oder die \u00dcbertragung des Gewinns auf andere Personen ist nicht m\u00f6glich.<\/p>\n<p>Es wird darauf hingewiesen, dass Beitr\u00e4ge keine Beleidigungen, falsche Tatsachen, Wettbewerbs-, Marken oder Urheberrechtsverst\u00f6\u00dfe enthalten d\u00fcrfen. Teilnehmer(innen) des Gewinnspiels, welche gegen diese Teilnahmebedingungen versto\u00dfen werden ohne weiteres vom Gewinnspiel ausgeschlossen und haften eigens f\u00fcr etwaige Rechtsverst\u00f6\u00dfe bzw. Sch\u00e4den, die dadurch entstanden sind oder entstehen k\u00f6nnen. Der entsprechende Beitrag wird von der Treatwell DE Facebook-Unternehmensseite oder den Seiten der Kooperationspartner gel\u00f6scht.<\/p>\n<p>Der bzw. die Gewinner(-in) des Treatwell Gewinnspiels wird bis Tag, 29.01.2018 \u00fcber Facebook informiert. Die Gewinner erkl\u00e4ren sich mit der Ver\u00f6ffentlichung seines Namens auf Facebook einverstanden. Au\u00dferdem erkl\u00e4ren sich die Gewinner bereit auf Anfrage eine Adresse f\u00fcr die Zusendung des Gewinns bereitzustellen. <\/p>\n<p>Sofern sich die Gewinner nicht innerhalb von 3 Tagen nach Bekanntgabe der Gewinnerermittlung per Facebook-Nachricht bzw. Instagram Direct Message zur\u00fcckmeldet, um seinen\/ihren Anspruch auf den Gewinn geltend zu machen, ist die Treatwell DACH GmbH berechtigt, einen\/eine Ersatz Gewinner(-in) zu ziehen.<\/p>\n<p>Mit der Teilnahme am Gewinnspiel erkl\u00e4rt der bzw. die Teilnehmer(-in) sein\/ihr Einverst\u00e4ndnis dazu, dass die Treatwell DACH GmbH den Namen des Gewinners \u00f6ffentlich bekannt gibt. Der Rechtsweg ist ausgeschlossen.<\/p>\n<ul>\n<li style=\"font-weight: 400\"><b>Ausschluss von Teilnehmern<\/b><\/li>\n<\/ul>\n<p>Mehrfacheintr\u00e4ge sowie automatische Eintr\u00e4ge von Gewinnspielrobots sind nicht zul\u00e4ssig und werden bei der Verlosung der Gewinne nicht ber\u00fccksichtigt und vom Gewinnspiel ausgeschlossen.<\/p>\n<ul>\n<li style=\"font-weight: 400\"><b>Datenschutz<\/b><\/li>\n<\/ul>\n<p>Der Veranstalter weist darauf hin, dass s\u00e4mtliche personenbezogenen Daten des Teilnehmers ohne Einverst\u00e4ndnis weder an Dritte weitergegeben noch diesen zur Nutzung \u00fcberlassen werden. Die ausf\u00fchrlichen Datenschutzbestimmungen sind <a href=\"https:\/\/www.treatwell.de\/info\/datenschutz\/\">HIER<\/a> zu finden.<\/p>\n<ul>\n<li style=\"font-weight: 400\"><b>Sonstiges<\/b><\/li>\n<\/ul>\n<p>Das Gewinnspiel steht in keiner Verbindung zu Facebook oder Instagram und wird in keiner Weise von Facebook oder Instagram gesponsert, unterst\u00fctzt oder organisiert. Veranstalter des Gewinnspiels sind die Treatwell DACH GmbH und Kooperationspartner. Alle Informationen werden ausschlie\u00dflich von der Treatwell DACH GmbH und ihren Kooperationspartnern und nicht durch Facebook bereitgestellt. Die Teilnehmer stellen Facebook von s\u00e4mtlichen Anspr\u00fcchen aus oder im Zusammenhang mit diesem Gewinnspiel frei.<\/p>\n<p>Sollten einzelne Bestimmungen dieser Teilnahmebedingungen ung\u00fcltig sein oder ung\u00fcltig werden, bleibt die G\u00fcltigkeit der \u00fcbrigen Teilnahmebedingungen unber\u00fchrt. An ihre Stelle tritt eine angemessene Regelung, die dem Zweck der unwirksamen Bestimmung am ehesten entspricht. Bei Gewinnspielen und Verlosungen der Treatwell DACH GmbH und Kooperationspartnern ist der Rechtsweg ausgeschlossen.<\/p>\n<ul>\n<li style=\"font-weight: 400\"><b>Kontakt<\/b><\/li>\n<\/ul>\n<p>Treatwell DACH GmbH, Greifswalder Str. 212, 10405 Berlin<\/p>\n<p>Telefon: 030 &#8211; 224 030 299<\/p>\n<p>E-Mail: koenigkunde@treatwell.de<\/p>\n<p>Kundenservice Montag bis Freitag von 8-19 Uhr und Samstag von 9-15 Uhr unter (+49) 030 &#8211; 224 030 299<\/p>\n","protected":false},"excerpt":{"rendered":"<p>Teilnahmebedingungen &nbsp; Veranstalter Das Gewinnspiel wird durchgef\u00fchrt von: Treatwell DACH GmbH, Greifswalder Str. 212, 10405 Berlin Teilnehmer Alle Personen, die den Facebook-Beitrag (facebook.com\/treatwellde\/videos\/1305807072858127\/) mit \u201cLove\u201d gelikt und kommentiert (inkl. eine andere Person taggen) haben oder den Instagram-Beitrag (https:\/\/www.instagram.com\/p\/BeICsqMjJxo\/?taken-by=treatwellde) gelikt und kommentiert (inkl. eine andere Person taggen) haben, nehmen an der Verlosung teil. Teilnahmeberechtigt sind vollj\u00e4hrige&hellip;<\/p>\n","protected":false},"author":51,"featured_media":0,"parent":0,"menu_order":0,"comment_status":"closed","ping_status":"closed","template":"","meta":{"inline_featured_image":false,"footnotes":""},"class_list":["post-6472","page","type-page","status-publish","hentry"],"yoast_head":"<!-- This site is optimized with the Yoast SEO plugin v27.3 - https:\/\/yoast.com\/product\/yoast-seo-wordpress\/ -->\n<title>Valentinstags Gewinnspiel Teilnahmebedingungen - Treatwell DE<\/title>\n<meta name=\"robots\" content=\"index, follow, max-snippet:-1, max-image-preview:large, max-video-preview:-1\" \/>\n<link rel=\"canonical\" href=\"https:\/\/www.treatwell.de/inspiration\/valentinstags-gewinnspiel-teilnahmebedingungen\/\" \/>\n<meta property=\"og:locale\" content=\"de_DE\" \/>\n<meta property=\"og:type\" content=\"article\" \/>\n<meta property=\"og:title\" content=\"Valentinstags Gewinnspiel Teilnahmebedingungen - Treatwell DE\" \/>\n<meta property=\"og:description\" content=\"Teilnahmebedingungen &nbsp; Veranstalter Das Gewinnspiel wird durchgef\u00fchrt von: Treatwell DACH GmbH, Greifswalder Str. 212, 10405 Berlin Teilnehmer Alle Personen, die den Facebook-Beitrag (facebook.com\/treatwellde\/videos\/1305807072858127\/) mit \u201cLove\u201d gelikt und kommentiert (inkl. eine andere Person taggen) haben oder den Instagram-Beitrag (https:\/\/www.instagram.com\/p\/BeICsqMjJxo\/?taken-by=treatwellde) gelikt und kommentiert (inkl. eine andere Person taggen) haben, nehmen an der Verlosung teil. Teilnahmeberechtigt sind vollj\u00e4hrige&hellip;\" \/>\n<meta property=\"og:url\" content=\"https:\/\/www.treatwell.de/inspiration\/valentinstags-gewinnspiel-teilnahmebedingungen\/\" \/>\n<meta property=\"og:site_name\" content=\"Treatwell DE\" \/>\n<meta property=\"article:modified_time\" content=\"2018-01-19T13:21:50+00:00\" \/>\n<meta name=\"twitter:card\" content=\"summary_large_image\" \/>\n<meta name=\"twitter:label1\" content=\"Gesch\u00e4tzte Lesezeit\" \/>\n\t<meta name=\"twitter:data1\" content=\"3 Minuten\" \/>\n<script type=\"application\/ld+json\" class=\"yoast-schema-graph\">{\"@context\":\"https:\\\/\\\/schema.org\",\"@graph\":[{\"@type\":\"WebPage\",\"@id\":\"https:\\\/\\\/www.treatwell.de/inspiration\\\/valentinstags-gewinnspiel-teilnahmebedingungen\\\/\",\"url\":\"https:\\\/\\\/www.treatwell.de/inspiration\\\/valentinstags-gewinnspiel-teilnahmebedingungen\\\/\",\"name\":\"Valentinstags Gewinnspiel Teilnahmebedingungen - Treatwell DE\",\"isPartOf\":{\"@id\":\"https:\\\/\\\/www.treatwell.de/inspiration\\\/#website\"},\"datePublished\":\"2018-01-18T15:38:59+00:00\",\"dateModified\":\"2018-01-19T13:21:50+00:00\",\"breadcrumb\":{\"@id\":\"https:\\\/\\\/www.treatwell.de/inspiration\\\/valentinstags-gewinnspiel-teilnahmebedingungen\\\/#breadcrumb\"},\"inLanguage\":\"de-DE\",\"potentialAction\":[{\"@type\":\"ReadAction\",\"target\":[\"https:\\\/\\\/www.treatwell.de/inspiration\\\/valentinstags-gewinnspiel-teilnahmebedingungen\\\/\"]}]},{\"@type\":\"BreadcrumbList\",\"@id\":\"https:\\\/\\\/www.treatwell.de/inspiration\\\/valentinstags-gewinnspiel-teilnahmebedingungen\\\/#breadcrumb\",\"itemListElement\":[{\"@type\":\"ListItem\",\"position\":1,\"name\":\"Home\",\"item\":\"https:\\\/\\\/www.treatwell.de/inspiration\\\/\"},{\"@type\":\"ListItem\",\"position\":2,\"name\":\"Valentinstags Gewinnspiel Teilnahmebedingungen\"}]},{\"@type\":\"WebSite\",\"@id\":\"https:\\\/\\\/www.treatwell.de/inspiration\\\/#website\",\"url\":\"https:\\\/\\\/www.treatwell.de/inspiration\\\/\",\"name\":\"Treatwell DE\",\"description\":\"\",\"potentialAction\":[{\"@type\":\"SearchAction\",\"target\":{\"@type\":\"EntryPoint\",\"urlTemplate\":\"https:\\\/\\\/www.treatwell.de/inspiration\\\/?s={search_term_string}\"},\"query-input\":{\"@type\":\"PropertyValueSpecification\",\"valueRequired\":true,\"valueName\":\"search_term_string\"}}],\"inLanguage\":\"de-DE\"}]}<\/script>\n<!-- \/ Yoast SEO plugin. -->","yoast_head_json":{"title":"Valentinstags Gewinnspiel Teilnahmebedingungen - Treatwell DE","robots":{"index":"index","follow":"follow","max-snippet":"max-snippet:-1","max-image-preview":"max-image-preview:large","max-video-preview":"max-video-preview:-1"},"canonical":"https:\/\/www.treatwell.de/inspiration\/valentinstags-gewinnspiel-teilnahmebedingungen\/","og_locale":"de_DE","og_type":"article","og_title":"Valentinstags Gewinnspiel Teilnahmebedingungen - Treatwell DE","og_description":"Teilnahmebedingungen &nbsp; Veranstalter Das Gewinnspiel wird durchgef\u00fchrt von: Treatwell DACH GmbH, Greifswalder Str. 212, 10405 Berlin Teilnehmer Alle Personen, die den Facebook-Beitrag (facebook.com\/treatwellde\/videos\/1305807072858127\/) mit \u201cLove\u201d gelikt und kommentiert (inkl. eine andere Person taggen) haben oder den Instagram-Beitrag (https:\/\/www.instagram.com\/p\/BeICsqMjJxo\/?taken-by=treatwellde) gelikt und kommentiert (inkl. eine andere Person taggen) haben, nehmen an der Verlosung teil. Teilnahmeberechtigt sind vollj\u00e4hrige&hellip;","og_url":"https:\/\/www.treatwell.de/inspiration\/valentinstags-gewinnspiel-teilnahmebedingungen\/","og_site_name":"Treatwell DE","article_modified_time":"2018-01-19T13:21:50+00:00","twitter_card":"summary_large_image","twitter_misc":{"Gesch\u00e4tzte Lesezeit":"3 Minuten"},"schema":{"@context":"https:\/\/schema.org","@graph":[{"@type":"WebPage","@id":"https:\/\/www.treatwell.de/inspiration\/valentinstags-gewinnspiel-teilnahmebedingungen\/","url":"https:\/\/www.treatwell.de/inspiration\/valentinstags-gewinnspiel-teilnahmebedingungen\/","name":"Valentinstags Gewinnspiel Teilnahmebedingungen - Treatwell DE","isPartOf":{"@id":"https:\/\/www.treatwell.de/inspiration\/#website"},"datePublished":"2018-01-18T15:38:59+00:00","dateModified":"2018-01-19T13:21:50+00:00","breadcrumb":{"@id":"https:\/\/www.treatwell.de/inspiration\/valentinstags-gewinnspiel-teilnahmebedingungen\/#breadcrumb"},"inLanguage":"de-DE","potentialAction":[{"@type":"ReadAction","target":["https:\/\/www.treatwell.de/inspiration\/valentinstags-gewinnspiel-teilnahmebedingungen\/"]}]},{"@type":"BreadcrumbList","@id":"https:\/\/www.treatwell.de/inspiration\/valentinstags-gewinnspiel-teilnahmebedingungen\/#breadcrumb","itemListElement":[{"@type":"ListItem","position":1,"name":"Home","item":"https:\/\/www.treatwell.de/inspiration\/"},{"@type":"ListItem","position":2,"name":"Valentinstags Gewinnspiel Teilnahmebedingungen"}]},{"@type":"WebSite","@id":"https:\/\/www.treatwell.de/inspiration\/#website","url":"https:\/\/www.treatwell.de/inspiration\/","name":"Treatwell DE","description":"","potentialAction":[{"@type":"SearchAction","target":{"@type":"EntryPoint","urlTemplate":"https:\/\/www.treatwell.de/inspiration\/?s={search_term_string}"},"query-input":{"@type":"PropertyValueSpecification","valueRequired":true,"valueName":"search_term_string"}}],"inLanguage":"de-DE"}]}},"_links":{"self":[{"href":"https:\/\/www.treatwell.de\/inspiration\/wp-json\/wp\/v2\/pages\/6472","targetHints":{"allow":["GET"]}}],"collection":[{"href":"https:\/\/www.treatwell.de\/inspiration\/wp-json\/wp\/v2\/pages"}],"about":[{"href":"https:\/\/www.treatwell.de\/inspiration\/wp-json\/wp\/v2\/types\/page"}],"author":[{"embeddable":true,"href":"https:\/\/www.treatwell.de\/inspiration\/wp-json\/wp\/v2\/users\/51"}],"replies":[{"embeddable":true,"href":"https:\/\/www.treatwell.de\/inspiration\/wp-json\/wp\/v2\/comments?post=6472"}],"version-history":[{"count":0,"href":"https:\/\/www.treatwell.de\/inspiration\/wp-json\/wp\/v2\/pages\/6472\/revisions"}],"wp:attachment":[{"href":"https:\/\/www.treatwell.de\/inspiration\/wp-json\/wp\/v2\/media?parent=6472"}],"curies":[{"name":"wp","href":"https:\/\/api.w.org\/{rel}","templated":true}]}}