{"id":10283,"date":"2020-03-13T16:56:25","date_gmt":"2020-03-13T16:56:25","guid":{"rendered":"https:\/\/www.treatwell.de\/inspiration\/?page_id=10283"},"modified":"2021-07-22T10:30:36","modified_gmt":"2021-07-22T10:30:36","slug":"coronavirus","status":"publish","type":"page","link":"https:\/\/www.treatwell.de/inspiration\/coronavirus\/","title":{"rendered":"Coronavirus"},"content":{"rendered":"<p>Zur\u00fcck im Salon: Ein Update zu den Wiederer\u00f6ffnungen in der Coronavirus-Pandemie<\/p>\n<p>\t\t\t\t<img loading=\"lazy\" decoding=\"async\" src=\"https:\/\/www.treatwell.de/inspiration\/wp-content\/uploads\/sites\/7\/2020\/10\/DE_corona_mobile_V2.png\" alt=\"DE_corona_mobile_V2\" height=\"640\" width=\"1080\" title=\"DE_corona_mobile_V2\" \/><\/p>\n<h3>Welche Regeln gelten f\u00fcr den Salonbesuch? <\/h3>\n<p>In den Salons ist ein Hygieneplan in Kraft, um das Infektionsrisiko zu minimieren. Weiterhin gilt die Maskenpflicht mit einer medizinischen Maske.<\/p>\n<p>Ein Negativtestnachweis wird dann ben\u00f6tigt, wenn keine Maske bei der Behandlung getragen werden kann. Beispielsweise bei Gesichtsbehandlungen, Barttrimmungen etc.<\/p>\n<p>Falls du dich nicht wohl f\u00fchlen solltest, verschiebe deinen Termin bitte ebenfalls auf einen sp\u00e4teren Zeitpunkt. Das geht schnell, ist super einfach und f\u00fcr die Salons kommt es zu keinen unerwarteten Ausf\u00e4llen.<\/p>\n<p>Wir arbeiten weiterhin mit unseren Partner zusammen und tun wirklich alles daf\u00fcr, dass im Salon angenehme und vor allem sichere Bedingungen herrschen.<\/p>\n<p>Das Wiedersehen, auf das wir alle gewartet haben \u2013 unsere Friseure haben offiziell wieder ab 01. M\u00e4rz ge\u00f6ffnet und alle anderen Dienstleistungen seit dem 08. M\u00e4rz.<\/p>\n<p>In einzelnen Bundesl\u00e4nder oder Landkreisen kann es aufgrund der &#8218;Notbremse&#8216; zu Salonschlie\u00dfungen kommen. Bitte informiere dich, \u00fcber die in deinem Landkreis geltenden Auflagen. Wir bem\u00fchen uns stets die aktuellsten Informationen pro Stadt unten zusammenzufassen.<\/p>\n<p>&nbsp;<\/p>\n<p><strong>Was erwartet dich im Salon? <\/strong><\/p>\n<p>Es gilt die <strong>medizinische Maskenpflicht<\/strong>\u00a0in allen Salons, bei Behandlungen die das Ablegen der Maske beinhalten ben\u00f6tigst du einen <strong>tagesaktuellen Negativtest.<\/strong><\/p>\n<p><strong>Berlin:\u00a0<\/strong>In allen Salons, inkl. Friseuren und Nagelstudios wird ab dem 31.03.2021 ein tagesaktueller Negativtest ben\u00f6tigt. Eine Liste der Testzentren findest du <a href=\"https:\/\/www.berlin.de\/corona\/testzentren\/#schnelltests\">hier<\/a>. Zudem gibt es auch private <a href=\"https:\/\/corona-testzentrum-berlin.de\/\">Testzentren<\/a>, mit kostenlosen Tests im Prenzlauer Berg. Es wird ein offizieller Test ben\u00f6tigt, Selbsttests sind nicht g\u00fcltig. Zudem gilt eine FFP2 Maskenpflicht in Berliner Salons.<\/p>\n<p><strong>Hamburg\u00a0<\/strong>schlie\u00dft k\u00f6rpernahe Dienstleistungen mit der Ausnahme von Friseurbetrieben und medizinischen Behandlungen.<\/p>\n<p><strong>K\u00f6ln: <\/strong>Kosmetik- &amp; Nagelstudios sind geschlossen. Die Ausnahme bilden medizinisch notwendige Behandlungen wie die Fu\u00dfpflege. Friseurbetriebe haben weiterhin ge\u00f6ffnet, in allen Salons wird ab dem 29.3. ein Negativtest aus den letzten 24h ben\u00f6tigt. Eine \u00dcbersicht der Testzentren, findest du <a href=\"https:\/\/www.koeln.de\/koeln\/nachrichten\/lokales\/hier-koennt-ihr-euch-in-koeln-auf-corona-testen-lassen_mein-corona-schnelltest_L1162940_1162988.html\">hier.<\/a><\/p>\n<p><strong>Informationen Negativtest:\u00a0<\/strong>Vereinzelt kannst du einen Schnelltest direkt im Kosmetiksalon vor deinem Termin machen (ggf. gegen ein kleine Geb\u00fchr). Wende dich hier direkt an deinen Salon. Zus\u00e4tzlich gibt es 1 kostenlosen Schnelltest pro Woche, dieser kann in den deutschen Testzentren mit Terminabsprache durchgef\u00fchrt werden.<\/p>\n<p>Zus\u00e4tzlich zu allen bereits bekannten Ma\u00dfnahmen gibt es Sicherheits- und Hygienevorkehrungen die eingehalten werden sollten. Bitte informiere dich vorab, welche in deinem Bundesland gelten. Da Abstand halten nach wie vor wichtig ist, gibt es nur eine limitierte Anzahl an Pl\u00e4tzen im Salon verf\u00fcgbar. Um einer Entt\u00e4uschung zu entgehen, buche deinen Termin ganz einfach mit der Treatwell-App. Das geht schnell, ist super einfach und falls n\u00f6tig, kannst du deinen Termin ohne Probleme verschieben \u2013 kostenlos.<\/p>\n<p>Wir arbeiten weiterhin mit unseren Partner zusammen und tun wirklich alles daf\u00fcr, dass im Salon angenehme und vor allem sichere Bedingungen herrschen.<\/p>\n<p>Alle im Voraus bezahlten Termine werden ebenfalls automatisch und in voller H\u00f6he erstattet*.<\/p>\n<p>*Es kann 3-5 Werktage dauern, bis der Betrag auf deinem Konto zur\u00fcckerstattet wurde. Wenn du mit einer Treatwell-Geschenkkarte bezahlt hast, wird der Wert auf deinem Treatwell-Konto gutgeschrieben.<\/p>\n<p>Wenn du einen Termin gebucht hast, der in den Osterlockdown f\u00e4llt oder in einem &#8218;Notbremsen&#8216;-Gebiet ist, kannst Du deinen Termin bequem auf einen sp\u00e4teren Zeitpunkt umbuchen.<\/p>\n<p>Termine, die nicht verschoben wurden, werden ggf. storniert. Bereits bezahlte Termine werden nat\u00fcrlich zur\u00fcckerstattet.<br \/>\nKeine Sorge, die Verschiebung deines Termins ist einfach. Wie&#8217;s geht, <strong><a href=\"https:\/\/support.treatwell.com\/hc\/de\/articles\/360012499620-Termine-verschieben\">findest du hier.<\/a><\/strong><\/p>\n<p>Gute News machen schnell die Runde. Viele Salons sind bereits ausgebucht, daher empfehlen wir dir, deine Buchung nicht aufzuschieben. Es besteht  jederzeit die M\u00f6glichkeit, deinen Termin umzubuchen (sollte es beispielsweise neue Regulierungen geben), direkt via Treatwell. <\/p>\n<h3>Wir arbeiten weiter eng mit unseren Partnersalons zusammen, um Tipps und Richtlinien f\u00fcr die neue Normalit\u00e4t zu teilen. Hier unsere Empfehlungen:<\/h3>\n<ul>\n<li id=\"waffle-rich-text-editor\" role=\"combobox\"><strong>Social Distancing<\/strong> im Salon hat zur Folge, dass es nur eine limitierte Anzahl an Pl\u00e4tzen im Salon gibt. Spontan und ohne einen Termin kann es schwierig werden mit der Behandlung \u2013 buche deshalb vorab online.<\/li>\n<\/ul>\n<p>&nbsp;<\/p>\n<ul>\n<li role=\"combobox\">Bitte <strong>wasche deine H\u00e4nde<\/strong> vor dem Termin &amp; <strong>desinfiziere<\/strong> diese, sobald du im Salon bist (falls m\u00f6glich). Vergiss die 20-Sekunden-Handwasch-Regel nicht.<\/li>\n<\/ul>\n<p>&nbsp;<\/p>\n<ul>\n<li role=\"combobox\">Bitte verschiebe deinen Termin, solltest du dich krank f\u00fchlen \u2013 im Sinne aller. Ebenso, wenn du Kontakt mit Covid-19 Patienten hattest.<strong> <a href=\"https:\/\/support.treatwell.com\/hc\/de\/articles\/360012499620-Termine-verschieben\">Das Verschieben deines Termin<\/a><\/strong> ist easy (auch bei Online-Bezahlung). Du findest einen Link zum Verschieben in deiner Best\u00e4tigungs-Email oder in der App unter &#8222;Meine Buchungen&#8220;.<\/li>\n<\/ul>\n<p>&nbsp;<\/p>\n<ul>\n<li role=\"combobox\">So schwer es f\u00e4llt \u2013 bitte <strong>vermeide K\u00f6rperkontakt. H\u00e4nde sch\u00fctteln &amp; Umarmungen<\/strong> m\u00fcssen leider ausfallen. Damit halten wir uns an das Konzept von Social Distancing und minimieren Infektionsrisiken.<\/li>\n<\/ul>\n<p>&nbsp;<\/p>\n<ul>\n<li role=\"combobox\"><strong>Bezahle nach M\u00f6glichkeit vorab online<\/strong> oder vor Ort mit der Karte (contactless). Damit im Salon nicht mit Bargeld rumhantiert werden muss.<\/li>\n<\/ul>\n<p>&nbsp;<\/p>\n<ul>\n<li role=\"combobox\">Wir werden weiterhin eng mit unseren Salonpartnern zusammenarbeiten, um die Gesundheit und das Wohlbefinden aller zu sch\u00fctzen.<\/li>\n<\/ul>\n<p>&nbsp;<\/p>\n<ul>\n<li role=\"combobox\">Bring dir lieber dein eigenes Getr\u00e4nk mit (coffee to go oder eine Flasche). Damit das <strong>Geschirr im Salon vermieden werden kann<\/strong>.<\/li>\n<\/ul>\n<p>&nbsp;<\/p>\n<ul>\n<li role=\"combobox\">Bitte trage je nach Auflagen (und M\u00f6glichkeit) einen <strong>Mund-Nasen-Schutz bei deinem Termin<\/strong>.<\/li>\n<\/ul>\n<p>Auf unserer <a href=\"https:\/\/www.treatwell.de\/inspiration\/das-beauty-home-office\/\">Friseur &amp; Beauty Community Seite<\/a> findest du regelm\u00e4\u00dfige Updates.<\/p>\n<h6>Zuletzt aktualisiert: 26.04.2021<\/h6>\n","protected":false},"excerpt":{"rendered":"<p>Zur\u00fcck im Salon: Ein Update zu den Wiederer\u00f6ffnungen in der Coronavirus-Pandemie Welche Regeln gelten f\u00fcr den Salonbesuch? In den Salons ist ein Hygieneplan in Kraft, um das Infektionsrisiko zu minimieren. Weiterhin gilt die Maskenpflicht mit einer medizinischen Maske. Ein Negativtestnachweis wird dann ben\u00f6tigt, wenn keine Maske bei der Behandlung getragen werden kann. Beispielsweise bei Gesichtsbehandlungen,&hellip;<\/p>\n","protected":false},"author":147,"featured_media":0,"parent":0,"menu_order":0,"comment_status":"closed","ping_status":"closed","template":"","meta":{"inline_featured_image":false,"footnotes":""},"class_list":["post-10283","page","type-page","status-publish","hentry"],"yoast_head":"<!-- This site is optimized with the Yoast SEO plugin v27.3 - https:\/\/yoast.com\/product\/yoast-seo-wordpress\/ -->\n<title>Coronavirus - Treatwell DE<\/title>\n<meta name=\"robots\" content=\"index, follow, max-snippet:-1, max-image-preview:large, max-video-preview:-1\" \/>\n<link rel=\"canonical\" href=\"https:\/\/www.treatwell.de/inspiration\/coronavirus\/\" \/>\n<meta property=\"og:locale\" content=\"de_DE\" \/>\n<meta property=\"og:type\" content=\"article\" \/>\n<meta property=\"og:title\" content=\"Coronavirus - Treatwell DE\" \/>\n<meta property=\"og:description\" content=\"Zur\u00fcck im Salon: Ein Update zu den Wiederer\u00f6ffnungen in der Coronavirus-Pandemie Welche Regeln gelten f\u00fcr den Salonbesuch? In den Salons ist ein Hygieneplan in Kraft, um das Infektionsrisiko zu minimieren. Weiterhin gilt die Maskenpflicht mit einer medizinischen Maske. Ein Negativtestnachweis wird dann ben\u00f6tigt, wenn keine Maske bei der Behandlung getragen werden kann. Beispielsweise bei Gesichtsbehandlungen,&hellip;\" \/>\n<meta property=\"og:url\" content=\"https:\/\/www.treatwell.de/inspiration\/coronavirus\/\" \/>\n<meta property=\"og:site_name\" content=\"Treatwell DE\" \/>\n<meta property=\"article:modified_time\" content=\"2021-07-22T10:30:36+00:00\" \/>\n<meta property=\"og:image\" content=\"https:\/\/www.treatwell.de/inspiration\/wp-content\/uploads\/sites\/7\/2020\/10\/DE_corona_mobile_V2.png\" \/>\n<meta name=\"twitter:card\" content=\"summary_large_image\" \/>\n<meta name=\"twitter:label1\" content=\"Gesch\u00e4tzte Lesezeit\" \/>\n\t<meta name=\"twitter:data1\" content=\"4 Minuten\" \/>\n<script type=\"application\/ld+json\" class=\"yoast-schema-graph\">{\"@context\":\"https:\\\/\\\/schema.org\",\"@graph\":[{\"@type\":\"WebPage\",\"@id\":\"https:\\\/\\\/www.treatwell.de/inspiration\\\/coronavirus\\\/\",\"url\":\"https:\\\/\\\/www.treatwell.de/inspiration\\\/coronavirus\\\/\",\"name\":\"Coronavirus - Treatwell DE\",\"isPartOf\":{\"@id\":\"https:\\\/\\\/www.treatwell.de/inspiration\\\/#website\"},\"primaryImageOfPage\":{\"@id\":\"https:\\\/\\\/www.treatwell.de/inspiration\\\/coronavirus\\\/#primaryimage\"},\"image\":{\"@id\":\"https:\\\/\\\/www.treatwell.de/inspiration\\\/coronavirus\\\/#primaryimage\"},\"thumbnailUrl\":\"https:\\\/\\\/www.treatwell.de/inspiration\\\/wp-content\\\/uploads\\\/sites\\\/7\\\/2020\\\/10\\\/DE_corona_mobile_V2.png\",\"datePublished\":\"2020-03-13T16:56:25+00:00\",\"dateModified\":\"2021-07-22T10:30:36+00:00\",\"breadcrumb\":{\"@id\":\"https:\\\/\\\/www.treatwell.de/inspiration\\\/coronavirus\\\/#breadcrumb\"},\"inLanguage\":\"de-DE\",\"potentialAction\":[{\"@type\":\"ReadAction\",\"target\":[\"https:\\\/\\\/www.treatwell.de/inspiration\\\/coronavirus\\\/\"]}]},{\"@type\":\"ImageObject\",\"inLanguage\":\"de-DE\",\"@id\":\"https:\\\/\\\/www.treatwell.de/inspiration\\\/coronavirus\\\/#primaryimage\",\"url\":\"https:\\\/\\\/www.treatwell.de/inspiration\\\/wp-content\\\/uploads\\\/sites\\\/7\\\/2020\\\/10\\\/DE_corona_mobile_V2.png\",\"contentUrl\":\"https:\\\/\\\/www.treatwell.de/inspiration\\\/wp-content\\\/uploads\\\/sites\\\/7\\\/2020\\\/10\\\/DE_corona_mobile_V2.png\",\"width\":1080,\"height\":640},{\"@type\":\"BreadcrumbList\",\"@id\":\"https:\\\/\\\/www.treatwell.de/inspiration\\\/coronavirus\\\/#breadcrumb\",\"itemListElement\":[{\"@type\":\"ListItem\",\"position\":1,\"name\":\"Home\",\"item\":\"https:\\\/\\\/www.treatwell.de/inspiration\\\/\"},{\"@type\":\"ListItem\",\"position\":2,\"name\":\"Coronavirus\"}]},{\"@type\":\"WebSite\",\"@id\":\"https:\\\/\\\/www.treatwell.de/inspiration\\\/#website\",\"url\":\"https:\\\/\\\/www.treatwell.de/inspiration\\\/\",\"name\":\"Treatwell DE\",\"description\":\"\",\"potentialAction\":[{\"@type\":\"SearchAction\",\"target\":{\"@type\":\"EntryPoint\",\"urlTemplate\":\"https:\\\/\\\/www.treatwell.de/inspiration\\\/?s={search_term_string}\"},\"query-input\":{\"@type\":\"PropertyValueSpecification\",\"valueRequired\":true,\"valueName\":\"search_term_string\"}}],\"inLanguage\":\"de-DE\"}]}<\/script>\n<!-- \/ Yoast SEO plugin. -->","yoast_head_json":{"title":"Coronavirus - Treatwell DE","robots":{"index":"index","follow":"follow","max-snippet":"max-snippet:-1","max-image-preview":"max-image-preview:large","max-video-preview":"max-video-preview:-1"},"canonical":"https:\/\/www.treatwell.de/inspiration\/coronavirus\/","og_locale":"de_DE","og_type":"article","og_title":"Coronavirus - Treatwell DE","og_description":"Zur\u00fcck im Salon: Ein Update zu den Wiederer\u00f6ffnungen in der Coronavirus-Pandemie Welche Regeln gelten f\u00fcr den Salonbesuch? In den Salons ist ein Hygieneplan in Kraft, um das Infektionsrisiko zu minimieren. Weiterhin gilt die Maskenpflicht mit einer medizinischen Maske. Ein Negativtestnachweis wird dann ben\u00f6tigt, wenn keine Maske bei der Behandlung getragen werden kann. Beispielsweise bei Gesichtsbehandlungen,&hellip;","og_url":"https:\/\/www.treatwell.de/inspiration\/coronavirus\/","og_site_name":"Treatwell DE","article_modified_time":"2021-07-22T10:30:36+00:00","og_image":[{"url":"https:\/\/www.treatwell.de/inspiration\/wp-content\/uploads\/sites\/7\/2020\/10\/DE_corona_mobile_V2.png","type":"","width":"","height":""}],"twitter_card":"summary_large_image","twitter_misc":{"Gesch\u00e4tzte Lesezeit":"4 Minuten"},"schema":{"@context":"https:\/\/schema.org","@graph":[{"@type":"WebPage","@id":"https:\/\/www.treatwell.de/inspiration\/coronavirus\/","url":"https:\/\/www.treatwell.de/inspiration\/coronavirus\/","name":"Coronavirus - Treatwell DE","isPartOf":{"@id":"https:\/\/www.treatwell.de/inspiration\/#website"},"primaryImageOfPage":{"@id":"https:\/\/www.treatwell.de/inspiration\/coronavirus\/#primaryimage"},"image":{"@id":"https:\/\/www.treatwell.de/inspiration\/coronavirus\/#primaryimage"},"thumbnailUrl":"https:\/\/www.treatwell.de/inspiration\/wp-content\/uploads\/sites\/7\/2020\/10\/DE_corona_mobile_V2.png","datePublished":"2020-03-13T16:56:25+00:00","dateModified":"2021-07-22T10:30:36+00:00","breadcrumb":{"@id":"https:\/\/www.treatwell.de/inspiration\/coronavirus\/#breadcrumb"},"inLanguage":"de-DE","potentialAction":[{"@type":"ReadAction","target":["https:\/\/www.treatwell.de/inspiration\/coronavirus\/"]}]},{"@type":"ImageObject","inLanguage":"de-DE","@id":"https:\/\/www.treatwell.de/inspiration\/coronavirus\/#primaryimage","url":"https:\/\/www.treatwell.de/inspiration\/wp-content\/uploads\/sites\/7\/2020\/10\/DE_corona_mobile_V2.png","contentUrl":"https:\/\/www.treatwell.de/inspiration\/wp-content\/uploads\/sites\/7\/2020\/10\/DE_corona_mobile_V2.png","width":1080,"height":640},{"@type":"BreadcrumbList","@id":"https:\/\/www.treatwell.de/inspiration\/coronavirus\/#breadcrumb","itemListElement":[{"@type":"ListItem","position":1,"name":"Home","item":"https:\/\/www.treatwell.de/inspiration\/"},{"@type":"ListItem","position":2,"name":"Coronavirus"}]},{"@type":"WebSite","@id":"https:\/\/www.treatwell.de/inspiration\/#website","url":"https:\/\/www.treatwell.de/inspiration\/","name":"Treatwell DE","description":"","potentialAction":[{"@type":"SearchAction","target":{"@type":"EntryPoint","urlTemplate":"https:\/\/www.treatwell.de/inspiration\/?s={search_term_string}"},"query-input":{"@type":"PropertyValueSpecification","valueRequired":true,"valueName":"search_term_string"}}],"inLanguage":"de-DE"}]}},"_links":{"self":[{"href":"https:\/\/www.treatwell.de\/inspiration\/wp-json\/wp\/v2\/pages\/10283","targetHints":{"allow":["GET"]}}],"collection":[{"href":"https:\/\/www.treatwell.de\/inspiration\/wp-json\/wp\/v2\/pages"}],"about":[{"href":"https:\/\/www.treatwell.de\/inspiration\/wp-json\/wp\/v2\/types\/page"}],"author":[{"embeddable":true,"href":"https:\/\/www.treatwell.de\/inspiration\/wp-json\/wp\/v2\/users\/147"}],"replies":[{"embeddable":true,"href":"https:\/\/www.treatwell.de\/inspiration\/wp-json\/wp\/v2\/comments?post=10283"}],"version-history":[{"count":0,"href":"https:\/\/www.treatwell.de\/inspiration\/wp-json\/wp\/v2\/pages\/10283\/revisions"}],"wp:attachment":[{"href":"https:\/\/www.treatwell.de\/inspiration\/wp-json\/wp\/v2\/media?parent=10283"}],"curies":[{"name":"wp","href":"https:\/\/api.w.org\/{rel}","templated":true}]}}