{"id":10019,"date":"2020-01-08T09:01:52","date_gmt":"2020-01-08T09:01:52","guid":{"rendered":"https:\/\/www.treatwell.de\/inspiration\/?page_id=10019"},"modified":"2020-01-22T15:47:04","modified_gmt":"2020-01-22T15:47:04","slug":"beauty-report","status":"publish","type":"page","link":"https:\/\/www.treatwell.de/inspiration\/beauty-report\/","title":{"rendered":"Beauty Report"},"content":{"rendered":"<div style=\"width: 100px;\" class=\"wp-video\"><video muted class=\"wp-video-shortcode\" id=\"video-10019-1\" width=\"100\" height=\"100\" loop autoplay preload=\"none\" controls=\"controls\"><source type=\"video\/mp4\" src=\"https:\/\/www.treatwell.de/inspiration\/wp-content\/uploads\/sites\/7\/2020\/01\/DEAT-LP-intro.mp4?_=1\" \/><a href=\"https:\/\/www.treatwell.de/inspiration\/wp-content\/uploads\/sites\/7\/2020\/01\/DEAT-LP-intro.mp4\">https:\/\/www.treatwell.de/inspiration\/wp-content\/uploads\/sites\/7\/2020\/01\/DEAT-LP-intro.mp4<\/a><\/video><\/div>\n<p><strong><a href=\"https:\/\/www.treatwell.de\/inspiration\/beauty-report\/#top\">Was war angesagt<\/a><\/strong><\/p>\n<p><a href=\"https:\/\/www.treatwell.de\/inspiration\/beauty-report\/#die\"><strong>Weniger beliebte Treatments<\/strong><\/a><\/p>\n<p><a href=\"https:\/\/www.treatwell.de\/inspiration\/beauty-report\/#trends\"><strong>2020 Trends<\/strong><\/a><\/p>\n<p><a href=\"https:\/\/www.treatwell.de/inspiration\/wp-content\/uploads\/sites\/7\/2020\/01\/DEAT_The-Treatwell-Report_2019.pdf\" target=\"_blank\" rel=\"noopener\"><strong>Download<\/strong><\/a><\/p>\n<p>\/01<\/p>\n<p>\/01<\/p>\n<h1>Welche Treatments waren die beliebtesten?<\/h1>\n<h1>Welche Treatments waren die beliebtesten?<\/h1>\n<p>M\u00e4nnerhaarschnitte<\/p>\n<p>Zuhause in Eigenregie die Schere zu schwingen, ist anscheinend nicht so beliebt. Die Buchungen f\u00fcr M\u00e4nnerhaarschnitte stiegen dieses Jahr um 29,1% an. Und Bart-Trims? Lassen wir auch lieber beim Barber machen, was die 72,5% Buchungen mehr im Gegensatz zum Vorjahr erkl\u00e4ren kann.<\/p>\n<p><a href=\"https:\/\/www.treatwell.de\/orte\/behandlung-herrenhaarschnitt\/angebot-typ-lokal\/in-de\/\" target=\"_blank\" rel=\"noopener\"><strong>Jetzt buchen<\/strong><\/a><\/p>\n<p>\t\t\t\t<img decoding=\"async\" src=\"https:\/\/www.treatwell.de\/inspiration\/wp-content\/plugins\/bb-plugin\/img\/pixel.png\" alt=\"\" \/><\/p>\n<p>Wimpernverl\u00e4ngerung<\/p>\n<p>Ein atemberaubender Augenaufschlag ohne Mascara in der Fr\u00fch ist m\u00f6glich \u2013 mit einer Wimpernverl\u00e4ngerung. 57% mehr Buchungen als im Vorjahr bedeuten jede Menge weniger Mascara-Kampf in der Fr\u00fch. Die Stadt mit den meisten Wimpernverl\u00e4ngerungen? Ganz klar D\u00fcsseldorf!<\/p>\n<p><a href=\"https:\/\/www.treatwell.de\/orte\/behandlung-wimpernverlaengerung\/angebot-typ-lokal\/in-de\/\" target=\"_blank\" rel=\"noopener\"><strong>Jetzt buchen<\/strong><\/a><\/p>\n<p>Gel-Manik\u00fcre<\/p>\n<p>Wir m\u00f6gen es, wenn unsere Manik\u00fcre lange h\u00e4lt. Am besten mindestens zwei Wochen lang. Vielleicht erkl\u00e4rt das den Anstieg von Gel-Manik\u00fcren &amp; Shellac um 28%.<\/p>\n<p><a href=\"https:\/\/www.treatwell.de\/orte\/behandlung-gel-manikuere\/angebot-typ-lokal\/in-de\/\" target=\"_blank\" rel=\"noopener\"><strong>Jetzt buchen<\/strong><\/a><\/p>\n<p>\t\t\t\t<img decoding=\"async\" src=\"https:\/\/www.treatwell.de\/inspiration\/wp-content\/plugins\/bb-plugin\/img\/pixel.png\" alt=\"\" \/><\/p>\n<p>Gel-Pedik\u00fcre<\/p>\n<p>Und was ist mit unseren F\u00fc\u00dfen? Auch da entscheiden wir uns mit einem Anstieg um 77,5% bei Gel-Pedik\u00fcren f\u00fcr langfristig gepflegte Fu\u00dfn\u00e4gel.<\/p>\n<p><a href=\"https:\/\/www.treatwell.de\/orte\/behandlung-gel-pedikuere\/angebot-typ-lokal\/in-de\/\" target=\"_blank\" rel=\"noopener\"><strong>Jetzt buchen<\/strong><\/a><\/p>\n<p>\t\t\t\t<img loading=\"lazy\" decoding=\"async\" src=\"https:\/\/www.treatwell.de/inspiration\/wp-content\/uploads\/sites\/7\/2020\/01\/Prestige_Barber_Barbier_Coiffeur_FRK_379038_6_x@2x.jpg\" alt=\"Prestige_Barber_Barbier_Coiffeur_FRK_379038_6_x@2x\" height=\"1307\" width=\"2048\" title=\"Prestige_Barber_Barbier_Coiffeur_FRK_379038_6_x@2x\" \/><\/p>\n<p><strong>M\u00e4nnerhaarschnitte<\/strong><\/p>\n<p>Zuhause in Eigenregie die Schere zu schwingen, ist anscheinend nicht so beliebt. Die Buchungen f\u00fcr M\u00e4nnerhaarschnitte stiegen dieses Jahr um 29,1% an. Und Bart-Trims? Lassen wir auch lieber beim Barber machen, was die 72,5% Buchungen mehr im Gegensatz zum Vorjahr erkl\u00e4ren kann.<\/p>\n<p><a href=\"https:\/\/www.treatwell.de\/orte\/behandlung-herrenhaarschnitt\/angebot-typ-lokal\/in-de\/\" target=\"_blank\" rel=\"noopener\"><strong>Jetzt buchen<\/strong><\/a><\/p>\n<p>\t\t\t\t<img loading=\"lazy\" decoding=\"async\" src=\"https:\/\/www.treatwell.de/inspiration\/wp-content\/uploads\/sites\/7\/2020\/01\/Blissful_Beauty_Bar_NLD_378858_6_x@2x.jpg\" alt=\"Blissful_Beauty_Bar_NLD_378858_6_x@2x\" height=\"1576\" width=\"1856\" title=\"Blissful_Beauty_Bar_NLD_378858_6_x@2x\" \/><\/p>\n<p><strong>Wimpernverl\u00e4ngerung<\/strong><\/p>\n<p>Ein atemberaubender Augenaufschlag ohne Mascara in der Fr\u00fch ist m\u00f6glich \u2013 mit einer Wimpernverl\u00e4ngerung. 57% mehr Buchungen als im Vorjahr bedeuten jede Menge weniger Mascara-Kampf in der Fr\u00fch. Die Stadt mit den meisten Wimpernverl\u00e4ngerungen? Ganz klar D\u00fcsseldorf!<\/p>\n<p><a href=\"https:\/\/www.treatwell.de\/orte\/behandlung-wimpernverlaengerung\/angebot-typ-lokal\/in-de\/\" target=\"_blank\" rel=\"noopener\"><strong>Jetzt buchen<\/strong><\/a><\/p>\n<p>\t\t\t\t<img loading=\"lazy\" decoding=\"async\" src=\"https:\/\/www.treatwell.de/inspiration\/wp-content\/uploads\/sites\/7\/2020\/01\/Idyl_Conscious_Beauty_BLG_328719_6_xx@2x.jpg\" alt=\"Idyl_Conscious_Beauty_BLG_328719_6_xx@2x\" height=\"1316\" width=\"1894\" title=\"Idyl_Conscious_Beauty_BLG_328719_6_xx@2x\" \/><\/p>\n<p><strong>Gel-Manik\u00fcre<\/strong><\/p>\n<p>Wir m\u00f6gen es, wenn unsere Manik\u00fcre lange h\u00e4lt. Am besten mindestens zwei Wochen lang. Vielleicht erkl\u00e4rt das den Anstieg von Gel-Manik\u00fcren &amp; Shellac um 28%.<\/p>\n<p><a href=\"https:\/\/www.treatwell.de\/orte\/behandlung-gel-manikuere\/angebot-typ-lokal\/in-de\/\" target=\"_blank\" rel=\"noopener\"><strong>Jetzt buchen<\/strong><\/a><\/p>\n<p>\t\t\t\t<img loading=\"lazy\" decoding=\"async\" src=\"https:\/\/www.treatwell.de/inspiration\/wp-content\/uploads\/sites\/7\/2020\/01\/Sun_Et_Beaute_Institut_FRK_6@2x.jpg\" alt=\"Sun_Et_Beaute_Institut_FRK_6@2x\" height=\"1576\" width=\"1896\" title=\"Sun_Et_Beaute_Institut_FRK_6@2x\" \/><\/p>\n<p><strong>Gel-Pedik\u00fcre<\/strong><\/p>\n<p>Und was ist mit unseren F\u00fc\u00dfen? Auch da entscheiden wir uns mit einem Anstieg um 77,5% bei Gel-Pedik\u00fcren f\u00fcr langfristig gepflegte Fu\u00dfn\u00e4gel.<\/p>\n<p><a href=\"https:\/\/www.treatwell.de\/orte\/behandlung-gel-pedikuere\/angebot-typ-lokal\/in-de\/\" target=\"_blank\" rel=\"noopener\"><strong>Jetzt buchen<\/strong><\/a><\/p>\n<p>\t\t\t<img decoding=\"async\" src=\"https:\/\/www.treatwell.de/inspiration\/wp-content\/uploads\/sites\/7\/2020\/01\/shutterstock_197326088@2x-1.jpg\" alt=\"\" \/>\t\t\t<\/p>\n<h2><strong>Body Wrapping <\/strong><\/h2>\n<p>ist zwar in den USA schon ein gro\u00dfer Trend, aber in Deutschland vertraut man dem Abnehmen durch Frischhaltefolie anscheinend nicht. Um 87,8% sanken die Buchungen f\u00fcr Body Wrapping im Vergleich zum Vorjahr.<\/p>\n<p><img decoding=\"async\" src=\"https:\/\/www.treatwell.de/inspiration\/wp-content\/uploads\/sites\/7\/2020\/01\/shutterstock_197326088@2x-1.jpg\" alt=\"\" \/><br \/>\n\t\t\t<img decoding=\"async\" src=\"https:\/\/www.treatwell.de/inspiration\/wp-content\/uploads\/sites\/7\/2020\/01\/CRYOLINE_FRK_6@2x.jpg\" alt=\"\" \/>\t\t\t<\/p>\n<h2><strong>Kryotherapie<\/strong><\/h2>\n<p>Der Sieger in der Kategorie &#8222;Am seltensten gebuchtes Treatment&#8220; ist wohl die Kryotherapie, auch K\u00e4ltetherapie genannt. Der Preis k\u00f6nnte ein Grund sein&#8230;<\/p>\n<p><img decoding=\"async\" src=\"https:\/\/www.treatwell.de/inspiration\/wp-content\/uploads\/sites\/7\/2020\/01\/CRYOLINE_FRK_6@2x.jpg\" alt=\"\" \/>\t\t\t<\/p>\n<p>\/02<\/p>\n<p>\/02<\/p>\n<h1>Die<br \/>\nTreatments,<br \/>\ndie weniger<br \/>\nbeliebt waren<\/h1>\n<h1>Die<br \/>\nTreatments,<br \/>\ndie weniger<br \/>\nbeliebt waren<\/h1>\n<p>\t\t\t<img decoding=\"async\" src=\"https:\/\/www.treatwell.de/inspiration\/wp-content\/uploads\/sites\/7\/2020\/01\/shutterstock_197326088@2x-1.jpg\" alt=\"\" \/><a href=\"https:\/\/www.treatwell.co.uk\/places\/treatment-face-massage\/offer-type-local\/in-uk\/\" target=\"_blank\"><\/a>\t\t\t<\/p>\n<h2><strong>Body Wrapping<\/strong><\/h2>\n<p>ist zwar in den USA schon ein gro\u00dfer Trend, aber in Deutschland vertraut man dem Abnehmen durch Frischhaltefolie anscheinend nicht. Um 87,8% sanken die Buchungen f\u00fcr Body Wrapping im Vergleich zum Vorjahr.<\/p>\n<p><a href=\"https:\/\/www.treatwell.co.uk\/places\/treatment-face-massage\/offer-type-local\/in-uk\/\" target=\"_blank\"><img decoding=\"async\" src=\"https:\/\/www.treatwell.de/inspiration\/wp-content\/uploads\/sites\/7\/2020\/01\/shutterstock_197326088@2x-1.jpg\" alt=\"\" \/><\/a><br \/>\n\t\t\t<img decoding=\"async\" src=\"https:\/\/www.treatwell.de/inspiration\/wp-content\/uploads\/sites\/7\/2020\/01\/CRYOLINE_FRK_6@2x.jpg\" alt=\"\" \/><a href=\"https:\/\/www.treatwell.co.uk\/places\/treatment-face-massage\/offer-type-local\/in-uk\/\" target=\"_blank\"><\/a>\t\t\t<\/p>\n<h2><strong>Kryotherapie<\/strong><\/h2>\n<p>Der Sieger in der Kategorie &#8222;Am seltensten gebuchtes Treatment&#8220; ist wohl die Kryotherapie, auch K\u00e4ltetherapie genannt. Genau zweimal wurde dieses Treatment 2019 gebucht.<\/p>\n<p><a href=\"https:\/\/www.treatwell.co.uk\/places\/treatment-face-massage\/offer-type-local\/in-uk\/\" target=\"_blank\"><img decoding=\"async\" src=\"https:\/\/www.treatwell.de/inspiration\/wp-content\/uploads\/sites\/7\/2020\/01\/CRYOLINE_FRK_6@2x.jpg\" alt=\"\" \/><\/a>\t\t\t<\/p>\n<p>\/03<\/p>\n<p>\/03<\/p>\n<h1>Was ist gerade im Trend?<\/h1>\n<h1>Was ist gerade im Trend?<\/h1>\n<p>Unsere Armee\u00a0von Beauty-Obsessiven im Treatwell-HQ<br \/>\nprognostiziert die Industrietrends f\u00fcr 2020<\/p>\n<p>Unsere Armee von Beauty-Obsessiven im Treatwell-HQ prognostiziert die Industrietrends f\u00fcr 2020<\/p>\n<p>\t\t\t\t<img loading=\"lazy\" decoding=\"async\" src=\"https:\/\/en-gb.twinspiration.wpengine.treatwell.com\/wp-content\/uploads\/sites\/9\/2019\/12\/Group-87@2x.jpg\" alt=\"Group 87@2x\" height=\"1277\" width=\"1335\" title=\"Group 87@2x\" \/><\/p>\n<h2>\n\t\tMicrobiome<br \/>\n\t<\/h2>\n<p>Die Gesamtheit aller Mikroorganismen \u2013 also Bakterien, Pilze und Parasiten \u2013 , die auf der Hautoberfl\u00e4che des Menschen leben. Wir haben alle bereits von sogenannten &#8222;freundlichen Bakterien&#8220; und Probiotika geh\u00f6rt. Dabei handelt es sich aber normalerweise um Darmgesundheit und Joghurtgetr\u00e4nke. Im Jahr 2020 wird das Thema Bakterien besonders wichtig in Sachen Hautpflege sein. Das Google-Suchergebnis nach Mikrobiomen zeigt bereits ein Wachstum von +110% zum Vorjahr an. Warum? Weil wir stets auf der Suche nach M\u00f6glichkeiten sind, die die Barriere unserer Haut gesund halten.<\/p>\n<h2>\n\t\tExtreme Lashes<br \/>\n\t<\/h2>\n<p>Die 60er feiern 2020 ein Comeback mit gewagten Wimpern-Stylings. Die Buchungen f\u00fcr Wimpernverl\u00e4ngerungen zeigten 2019 bereits ein Wachstum von 36% gegen\u00fcber dem Vorjahr. Besonders im Auge zu behalten: Buchungen f\u00fcr Russian Lashes (dabei werden bis zu 8 k\u00fcnstliche Wimpern pro nat\u00fcrliche Wimper aufgeklebt) stiegen um 794%.<\/p>\n<p><a href=\"https:\/\/www.treatwell.de\/orte\/behandlung-wimpernverlaengerung\/award-top-rated-2019\/angebot-typ-lokal\/in-de\/\" target=\"_blank\" rel=\"noopener\"><strong>Jetzt buchen<\/strong><\/a><\/p>\n<p>\t\t\t\t<img loading=\"lazy\" decoding=\"async\" src=\"https:\/\/en-gb.twinspiration.wpengine.treatwell.com\/wp-content\/uploads\/sites\/9\/2019\/12\/190418_TW_Summer_Prep77864-copy@2x.jpg\" alt=\"190418_TW_Summer_Prep77864 copy@2x\" height=\"1277\" width=\"1331\" title=\"190418_TW_Summer_Prep77864 copy@2x\" \/><br \/>\n\t\t\t\t<img loading=\"lazy\" decoding=\"async\" src=\"https:\/\/en-gb.twinspiration.wpengine.treatwell.com\/wp-content\/uploads\/sites\/9\/2019\/12\/190418_TW_Summer_Prep77864-copy@2x.jpg\" alt=\"190418_TW_Summer_Prep77864 copy@2x\" height=\"1277\" width=\"1331\" title=\"190418_TW_Summer_Prep77864 copy@2x\" \/><\/p>\n<h2>\n\t\tExtreme Lashes<br \/>\n\t<\/h2>\n<p>Extreme Lashes \u2013 Die 60er feiern 2020 ein Come-back mit gewagten Wimpern-Stylings. Die Buchungen f\u00fcr Wimpernverl\u00e4ngerungen zeigten 2019 bereits ein Wachstum von 36% gegen\u00fcber dem Vorjahr. Besonders im Auge zu behalten: Buchungen f\u00fcr Russian Lashes (dabei werden bis zu 8 k\u00fcnstliche Wimpern pro nat\u00fcrliche Wimper aufgeklebt) stiegen um 794%.<\/p>\n<p><a href=\"https:\/\/www.treatwell.de\/orte\/behandlung-wimpernverlaengerung\/award-top-rated-2019\/angebot-typ-lokal\/in-de\/\" target=\"_blank\" rel=\"noopener\"><strong>Jetzt buchen<\/strong><\/a><\/p>\n<p>\t\t\t\t<img loading=\"lazy\" decoding=\"async\" src=\"https:\/\/en-gb.twinspiration.wpengine.treatwell.com\/wp-content\/uploads\/sites\/9\/2019\/12\/LR1595_BM_TREATWELL_2019.07.04_Treatwell_S03_201_F1@2x.jpg\" alt=\"LR1595_BM_TREATWELL_2019.07.04_Treatwell_S03_201_F1@2x\" height=\"1277\" width=\"1331\" title=\"LR1595_BM_TREATWELL_2019.07.04_Treatwell_S03_201_F1@2x\" \/><\/p>\n<h2>\n\t\tBig Hair<br \/>\n\t<\/h2>\n<p>Drama gibt es 2020 aber nicht nur rund ums Thema Wimpern. Auf den Catwalks sahen wir der Schwerkraft trotzende Frisuren von Christopher John Rogers, Marc Jacobs und Julien d&#8217;Ys. Auch die Buchungen gingen in die H\u00f6he: Es wurden 82% mehr Hochsteckfrisuren und 52% mehr Dauerwellen im Vergleich zum Vorjahr gebucht.<\/p>\n<p><a href=\"https:\/\/www.treatwell.de\/orte\/behandlung-dauerwelle\/angebot-typ-lokal\/in-de\/\" target=\"_blank\" rel=\"noopener\"><strong>Jetzt buchen<\/strong><\/a><\/p>\n<p>\t\t\t\t<img loading=\"lazy\" decoding=\"async\" src=\"https:\/\/en-gb.twinspiration.wpengine.treatwell.com\/wp-content\/uploads\/sites\/9\/2019\/12\/E6CA7548-52CF-453A-89D0-53A219D06743@2x.jpg\" alt=\"E6CA7548-52CF-453A-89D0-53A219D06743@2x\" height=\"1277\" width=\"1331\" title=\"E6CA7548-52CF-453A-89D0-53A219D06743@2x\" \/><\/p>\n<h2>\n\t\tAR Filters<br \/>\n\t<\/h2>\n<p>Vor einigen Monaten launchte SparkAR auf Instagram und er\u00f6ffnete Nutzern damit die M\u00f6glichkeit, eigene AR-Filter zu kreieren. Dabei entwickelte sich der Supermodel-Filter, den Instagram so schnell wie m\u00f6glich sperrte, da dieser die plastische Chirurgie imitierte. Wir erwarten im kommenden Jahr weitere experimentelle Filter wie Beauty 3000, einer unserer Lieblinge.<\/p>\n<h2>\n\t\tAR Filters<br \/>\n\t<\/h2>\n<p>Vor einigen Monaten launchte SparkAR auf Instagram und er\u00f6ffnete Nutzern damit die M\u00f6glichkeit, eigene AR-Filter zu kreieren. Dabei entwickelte sich der Supermodel-Filter, den Instagram so schnell wie m\u00f6glich sperrte, da dieser die plastische Chirurgie imitierte. Wir erwarten im kommenden Jahr weitere experimentelle Filter wie Beauty 3000, einer unserer Lieblinge.<\/p>\n<p>\t\t\t\t<img loading=\"lazy\" decoding=\"async\" src=\"https:\/\/en-gb.twinspiration.wpengine.treatwell.com\/wp-content\/uploads\/sites\/9\/2019\/12\/E6CA7548-52CF-453A-89D0-53A219D06743@2x.jpg\" alt=\"E6CA7548-52CF-453A-89D0-53A219D06743@2x\" height=\"1277\" width=\"1331\" title=\"E6CA7548-52CF-453A-89D0-53A219D06743@2x\" \/><br \/>\n\t\t\t\t<img loading=\"lazy\" decoding=\"async\" src=\"https:\/\/en-gb.twinspiration.wpengine.treatwell.com\/wp-content\/uploads\/sites\/9\/2019\/12\/Line-12@2x-2x300.jpg\" alt=\"Line 12@2x\" height=\"300\" width=\"2\" title=\"Line 12@2x\" \/><\/p>\n<p>Aber das war noch nicht alles. Lade dir hier unseren vollst\u00e4ndigen Jahresr\u00fcckblick herunter und erhalte weitere Daten und Einblicke.<\/p>\n<p>Aber das war noch nicht alles. Lade dir hier unseren vollst\u00e4ndigen Jahresr\u00fcckblick herunter und erhalte weitere Daten und Einblicke.<\/p>\n<p>\t\t\t<a href=\"https:\/\/www.treatwell.de/inspiration\/wp-content\/uploads\/sites\/7\/2020\/01\/DEAT_The-Treatwell-Report_2019.pdf\" target=\"_blank\" role=\"button\" rel=\"noopener\"><br \/>\n\t\t\t\t\t\t\tDownload<br \/>\n\t\t\t\t\t<\/a><br \/>\n\t\t\t\t<a href=\"https:\/\/www.treatwell.de\/inspiration\/beauty-report\/#top\" target=\"_self\"><br \/>\n\t\t\t\t<img decoding=\"async\" src=\"https:\/\/en-gb.twinspiration.wpengine.treatwell.com\/wp-content\/uploads\/sites\/9\/2019\/12\/arrow-uo-02@2x.jpg\" alt=\"\" \/><br \/>\n\t\t\t\t<\/a><\/p>\n","protected":false},"excerpt":{"rendered":"<p>Was war angesagt Weniger beliebte Treatments 2020 Trends Download \/01 \/01 Welche Treatments waren die beliebtesten? Welche Treatments waren die beliebtesten? M\u00e4nnerhaarschnitte Zuhause in Eigenregie die Schere zu schwingen, ist anscheinend nicht so beliebt. Die Buchungen f\u00fcr M\u00e4nnerhaarschnitte stiegen dieses Jahr um 29,1% an. Und Bart-Trims? Lassen wir auch lieber beim Barber machen, was die&hellip;<\/p>\n","protected":false},"author":117,"featured_media":0,"parent":0,"menu_order":0,"comment_status":"closed","ping_status":"closed","template":"tpl-no-header-footer.php","meta":{"inline_featured_image":false,"footnotes":""},"class_list":["post-10019","page","type-page","status-publish","hentry"],"yoast_head":"<!-- This site is optimized with the Yoast SEO plugin v27.3 - https:\/\/yoast.com\/product\/yoast-seo-wordpress\/ -->\n<title>Beauty Report - Treatwell DE<\/title>\n<meta name=\"robots\" content=\"index, follow, max-snippet:-1, max-image-preview:large, max-video-preview:-1\" \/>\n<link rel=\"canonical\" href=\"https:\/\/www.treatwell.de/inspiration\/beauty-report\/\" \/>\n<meta property=\"og:locale\" content=\"de_DE\" \/>\n<meta property=\"og:type\" content=\"article\" \/>\n<meta property=\"og:title\" content=\"Beauty Report - Treatwell DE\" \/>\n<meta property=\"og:description\" content=\"Was war angesagt Weniger beliebte Treatments 2020 Trends Download \/01 \/01 Welche Treatments waren die beliebtesten? Welche Treatments waren die beliebtesten? M\u00e4nnerhaarschnitte Zuhause in Eigenregie die Schere zu schwingen, ist anscheinend nicht so beliebt. Die Buchungen f\u00fcr M\u00e4nnerhaarschnitte stiegen dieses Jahr um 29,1% an. Und Bart-Trims? Lassen wir auch lieber beim Barber machen, was die&hellip;\" \/>\n<meta property=\"og:url\" content=\"https:\/\/www.treatwell.de/inspiration\/beauty-report\/\" \/>\n<meta property=\"og:site_name\" content=\"Treatwell DE\" \/>\n<meta property=\"article:modified_time\" content=\"2020-01-22T15:47:04+00:00\" \/>\n<meta property=\"og:image\" content=\"https:\/\/www.treatwell.de\/inspiration\/wp-content\/plugins\/bb-plugin\/img\/pixel.png\" \/>\n<meta name=\"twitter:card\" content=\"summary_large_image\" \/>\n<meta name=\"twitter:label1\" content=\"Gesch\u00e4tzte Lesezeit\" \/>\n\t<meta name=\"twitter:data1\" content=\"5 Minuten\" \/>\n<script type=\"application\/ld+json\" class=\"yoast-schema-graph\">{\"@context\":\"https:\\\/\\\/schema.org\",\"@graph\":[{\"@type\":\"WebPage\",\"@id\":\"https:\\\/\\\/www.treatwell.de/inspiration\\\/beauty-report\\\/\",\"url\":\"https:\\\/\\\/www.treatwell.de/inspiration\\\/beauty-report\\\/\",\"name\":\"Beauty Report - Treatwell DE\",\"isPartOf\":{\"@id\":\"https:\\\/\\\/www.treatwell.de/inspiration\\\/#website\"},\"primaryImageOfPage\":{\"@id\":\"https:\\\/\\\/www.treatwell.de/inspiration\\\/beauty-report\\\/#primaryimage\"},\"image\":{\"@id\":\"https:\\\/\\\/www.treatwell.de/inspiration\\\/beauty-report\\\/#primaryimage\"},\"thumbnailUrl\":\"https:\\\/\\\/www.treatwell.de\\\/inspiration\\\/wp-content\\\/plugins\\\/bb-plugin\\\/img\\\/pixel.png\",\"datePublished\":\"2020-01-08T09:01:52+00:00\",\"dateModified\":\"2020-01-22T15:47:04+00:00\",\"breadcrumb\":{\"@id\":\"https:\\\/\\\/www.treatwell.de/inspiration\\\/beauty-report\\\/#breadcrumb\"},\"inLanguage\":\"de-DE\",\"potentialAction\":[{\"@type\":\"ReadAction\",\"target\":[\"https:\\\/\\\/www.treatwell.de/inspiration\\\/beauty-report\\\/\"]}]},{\"@type\":\"ImageObject\",\"inLanguage\":\"de-DE\",\"@id\":\"https:\\\/\\\/www.treatwell.de/inspiration\\\/beauty-report\\\/#primaryimage\",\"url\":\"https:\\\/\\\/www.treatwell.de\\\/inspiration\\\/wp-content\\\/plugins\\\/bb-plugin\\\/img\\\/pixel.png\",\"contentUrl\":\"https:\\\/\\\/www.treatwell.de\\\/inspiration\\\/wp-content\\\/plugins\\\/bb-plugin\\\/img\\\/pixel.png\"},{\"@type\":\"BreadcrumbList\",\"@id\":\"https:\\\/\\\/www.treatwell.de/inspiration\\\/beauty-report\\\/#breadcrumb\",\"itemListElement\":[{\"@type\":\"ListItem\",\"position\":1,\"name\":\"Home\",\"item\":\"https:\\\/\\\/www.treatwell.de/inspiration\\\/\"},{\"@type\":\"ListItem\",\"position\":2,\"name\":\"Beauty Report\"}]},{\"@type\":\"WebSite\",\"@id\":\"https:\\\/\\\/www.treatwell.de/inspiration\\\/#website\",\"url\":\"https:\\\/\\\/www.treatwell.de/inspiration\\\/\",\"name\":\"Treatwell DE\",\"description\":\"\",\"potentialAction\":[{\"@type\":\"SearchAction\",\"target\":{\"@type\":\"EntryPoint\",\"urlTemplate\":\"https:\\\/\\\/www.treatwell.de/inspiration\\\/?s={search_term_string}\"},\"query-input\":{\"@type\":\"PropertyValueSpecification\",\"valueRequired\":true,\"valueName\":\"search_term_string\"}}],\"inLanguage\":\"de-DE\"}]}<\/script>\n<!-- \/ Yoast SEO plugin. -->","yoast_head_json":{"title":"Beauty Report - Treatwell DE","robots":{"index":"index","follow":"follow","max-snippet":"max-snippet:-1","max-image-preview":"max-image-preview:large","max-video-preview":"max-video-preview:-1"},"canonical":"https:\/\/www.treatwell.de/inspiration\/beauty-report\/","og_locale":"de_DE","og_type":"article","og_title":"Beauty Report - Treatwell DE","og_description":"Was war angesagt Weniger beliebte Treatments 2020 Trends Download \/01 \/01 Welche Treatments waren die beliebtesten? Welche Treatments waren die beliebtesten? M\u00e4nnerhaarschnitte Zuhause in Eigenregie die Schere zu schwingen, ist anscheinend nicht so beliebt. Die Buchungen f\u00fcr M\u00e4nnerhaarschnitte stiegen dieses Jahr um 29,1% an. Und Bart-Trims? Lassen wir auch lieber beim Barber machen, was die&hellip;","og_url":"https:\/\/www.treatwell.de/inspiration\/beauty-report\/","og_site_name":"Treatwell DE","article_modified_time":"2020-01-22T15:47:04+00:00","og_image":[{"url":"https:\/\/www.treatwell.de\/inspiration\/wp-content\/plugins\/bb-plugin\/img\/pixel.png","type":"","width":"","height":""}],"twitter_card":"summary_large_image","twitter_misc":{"Gesch\u00e4tzte Lesezeit":"5 Minuten"},"schema":{"@context":"https:\/\/schema.org","@graph":[{"@type":"WebPage","@id":"https:\/\/www.treatwell.de/inspiration\/beauty-report\/","url":"https:\/\/www.treatwell.de/inspiration\/beauty-report\/","name":"Beauty Report - Treatwell DE","isPartOf":{"@id":"https:\/\/www.treatwell.de/inspiration\/#website"},"primaryImageOfPage":{"@id":"https:\/\/www.treatwell.de/inspiration\/beauty-report\/#primaryimage"},"image":{"@id":"https:\/\/www.treatwell.de/inspiration\/beauty-report\/#primaryimage"},"thumbnailUrl":"https:\/\/www.treatwell.de\/inspiration\/wp-content\/plugins\/bb-plugin\/img\/pixel.png","datePublished":"2020-01-08T09:01:52+00:00","dateModified":"2020-01-22T15:47:04+00:00","breadcrumb":{"@id":"https:\/\/www.treatwell.de/inspiration\/beauty-report\/#breadcrumb"},"inLanguage":"de-DE","potentialAction":[{"@type":"ReadAction","target":["https:\/\/www.treatwell.de/inspiration\/beauty-report\/"]}]},{"@type":"ImageObject","inLanguage":"de-DE","@id":"https:\/\/www.treatwell.de/inspiration\/beauty-report\/#primaryimage","url":"https:\/\/www.treatwell.de\/inspiration\/wp-content\/plugins\/bb-plugin\/img\/pixel.png","contentUrl":"https:\/\/www.treatwell.de\/inspiration\/wp-content\/plugins\/bb-plugin\/img\/pixel.png"},{"@type":"BreadcrumbList","@id":"https:\/\/www.treatwell.de/inspiration\/beauty-report\/#breadcrumb","itemListElement":[{"@type":"ListItem","position":1,"name":"Home","item":"https:\/\/www.treatwell.de/inspiration\/"},{"@type":"ListItem","position":2,"name":"Beauty Report"}]},{"@type":"WebSite","@id":"https:\/\/www.treatwell.de/inspiration\/#website","url":"https:\/\/www.treatwell.de/inspiration\/","name":"Treatwell DE","description":"","potentialAction":[{"@type":"SearchAction","target":{"@type":"EntryPoint","urlTemplate":"https:\/\/www.treatwell.de/inspiration\/?s={search_term_string}"},"query-input":{"@type":"PropertyValueSpecification","valueRequired":true,"valueName":"search_term_string"}}],"inLanguage":"de-DE"}]}},"_links":{"self":[{"href":"https:\/\/www.treatwell.de\/inspiration\/wp-json\/wp\/v2\/pages\/10019","targetHints":{"allow":["GET"]}}],"collection":[{"href":"https:\/\/www.treatwell.de\/inspiration\/wp-json\/wp\/v2\/pages"}],"about":[{"href":"https:\/\/www.treatwell.de\/inspiration\/wp-json\/wp\/v2\/types\/page"}],"author":[{"embeddable":true,"href":"https:\/\/www.treatwell.de\/inspiration\/wp-json\/wp\/v2\/users\/117"}],"replies":[{"embeddable":true,"href":"https:\/\/www.treatwell.de\/inspiration\/wp-json\/wp\/v2\/comments?post=10019"}],"version-history":[{"count":0,"href":"https:\/\/www.treatwell.de\/inspiration\/wp-json\/wp\/v2\/pages\/10019\/revisions"}],"wp:attachment":[{"href":"https:\/\/www.treatwell.de\/inspiration\/wp-json\/wp\/v2\/media?parent=10019"}],"curies":[{"name":"wp","href":"https:\/\/api.w.org\/{rel}","templated":true}]}}